{"id":21045,"date":"2023-03-20T00:00:01","date_gmt":"2023-03-19T23:00:01","guid":{"rendered":"https:\/\/modelkars.com\/?post_type=product&#038;p=21045"},"modified":"2025-12-01T01:53:53","modified_gmt":"2025-12-01T00:53:53","slug":"p18192d-pagani-huayra-imola-2020-gris-titanium","status":"publish","type":"product","link":"https:\/\/modelkars.com\/fr\/shop\/bbr\/p18192d-pagani-huayra-imola-2020-gris-titanium\/","title":{"rendered":"Pagani Imola 2020"},"content":{"rendered":"","protected":false},"excerpt":{"rendered":"<p>La Pagani Imola est une version extr\u00eame de la Huayra et produite \u00e0 seulement 5 exemplaires. Cette version grise titanium est fabriqu\u00e9e par BBR \u00e0 l\u2019\u00e9chelle 1\/18.<\/p>\n","protected":false},"featured_media":40910,"template":"","meta":{"_seopress_robots_primary_cat":"","_seopress_titles_title":"","_seopress_titles_desc":"","_seopress_robots_index":""},"product_brand":[],"product_cat":[315],"product_tag":[84,92,85,86],"class_list":{"0":"post-21045","1":"product","2":"type-product","3":"status-publish","4":"has-post-thumbnail","6":"product_cat-bbr","7":"product_tag-echelle-118","8":"product_tag-resine","9":"product_tag-sans-ouvrants","10":"product_tag-socle-inclus","12":"first","13":"outofstock","14":"taxable","15":"shipping-taxable","16":"purchasable","17":"product-type-simple"},"_links":{"self":[{"href":"https:\/\/modelkars.com\/fr\/wp-json\/wp\/v2\/product\/21045","targetHints":{"allow":["GET"]}}],"collection":[{"href":"https:\/\/modelkars.com\/fr\/wp-json\/wp\/v2\/product"}],"about":[{"href":"https:\/\/modelkars.com\/fr\/wp-json\/wp\/v2\/types\/product"}],"wp:featuredmedia":[{"embeddable":true,"href":"https:\/\/modelkars.com\/fr\/wp-json\/wp\/v2\/media\/40910"}],"wp:attachment":[{"href":"https:\/\/modelkars.com\/fr\/wp-json\/wp\/v2\/media?parent=21045"}],"wp:term":[{"taxonomy":"product_brand","embeddable":true,"href":"https:\/\/modelkars.com\/fr\/wp-json\/wp\/v2\/product_brand?post=21045"},{"taxonomy":"product_cat","embeddable":true,"href":"https:\/\/modelkars.com\/fr\/wp-json\/wp\/v2\/product_cat?post=21045"},{"taxonomy":"product_tag","embeddable":true,"href":"https:\/\/modelkars.com\/fr\/wp-json\/wp\/v2\/product_tag?post=21045"}],"curies":[{"name":"wp","href":"https:\/\/api.w.org\/{rel}","templated":true}]}}