{"id":21041,"date":"2021-04-16T20:51:02","date_gmt":"2021-04-16T18:51:02","guid":{"rendered":"https:\/\/modelkars.com\/?post_type=product&#038;p=21041"},"modified":"2025-12-01T01:54:53","modified_gmt":"2025-12-01T00:54:53","slug":"1026-01-scania-v8-730s-porte-voitures-lohr-gulf-mosolf-bleu","status":"publish","type":"product","link":"https:\/\/modelkars.com\/fr\/shop\/nzg\/1026-01-scania-v8-730s-porte-voitures-lohr-gulf-mosolf-bleu\/","title":{"rendered":"Scania 730S V8 Mosolf avec remorque Lohr"},"content":{"rendered":"","protected":false},"excerpt":{"rendered":"<p>Faites de la place\u00a0! Ce magnifique camion Scania 720S accompagn\u00e9 de sa remorque porte-voitures Lohr \u00e0 l\u2019\u00e9chelle 1:18 va vous \u00e9blouir\u00a0: roues directionnelles, inclinaison de la cabine, moteur d\u00e9taill\u00e9, rampe de chargement amovible\u2026 ce camion d\u2019une longueur totale de pr\u00e8s d\u20191.30m, aux couleurs du transporteur Mosolf (bleu et orange) peut accueillir jusqu\u2019\u00e0 6 voitures \u00e0 l\u2019\u00e9chelle 1:18. Assur\u00e9ment la pi\u00e8ce ma\u00eetresse de votre collection\u00a0!<\/p>\n","protected":false},"featured_media":21648,"template":"","meta":{"_seopress_robots_primary_cat":"","_seopress_titles_title":"","_seopress_titles_desc":"","_seopress_robots_index":"","_seopress_analysis_target_kw":""},"product_brand":[],"product_cat":[407],"product_tag":[84],"class_list":{"0":"post-21041","1":"product","2":"type-product","3":"status-publish","4":"has-post-thumbnail","6":"product_cat-nzg","7":"product_tag-echelle-118","9":"first","10":"outofstock","11":"taxable","12":"shipping-taxable","13":"purchasable","14":"product-type-simple"},"_links":{"self":[{"href":"https:\/\/modelkars.com\/fr\/wp-json\/wp\/v2\/product\/21041","targetHints":{"allow":["GET"]}}],"collection":[{"href":"https:\/\/modelkars.com\/fr\/wp-json\/wp\/v2\/product"}],"about":[{"href":"https:\/\/modelkars.com\/fr\/wp-json\/wp\/v2\/types\/product"}],"wp:featuredmedia":[{"embeddable":true,"href":"https:\/\/modelkars.com\/fr\/wp-json\/wp\/v2\/media\/21648"}],"wp:attachment":[{"href":"https:\/\/modelkars.com\/fr\/wp-json\/wp\/v2\/media?parent=21041"}],"wp:term":[{"taxonomy":"product_brand","embeddable":true,"href":"https:\/\/modelkars.com\/fr\/wp-json\/wp\/v2\/product_brand?post=21041"},{"taxonomy":"product_cat","embeddable":true,"href":"https:\/\/modelkars.com\/fr\/wp-json\/wp\/v2\/product_cat?post=21041"},{"taxonomy":"product_tag","embeddable":true,"href":"https:\/\/modelkars.com\/fr\/wp-json\/wp\/v2\/product_tag?post=21041"}],"curies":[{"name":"wp","href":"https:\/\/api.w.org\/{rel}","templated":true}]}}