{"id":21037,"date":"2021-04-16T20:51:01","date_gmt":"2021-04-16T18:51:01","guid":{"rendered":"https:\/\/modelkars.com\/?post_type=product&#038;p=21037"},"modified":"2025-12-01T01:54:53","modified_gmt":"2025-12-01T00:54:53","slug":"ot884-renault-clio-3-rs-noire","status":"publish","type":"product","link":"https:\/\/modelkars.com\/fr\/shop\/ottomobile\/ot884-renault-clio-3-rs-noire\/","title":{"rendered":"Renault Clio 3 RS (RB7)"},"content":{"rendered":"","protected":false},"excerpt":{"rendered":"<p>Cette Clio 3 RS \u00e0 l\u2019\u00e9chelle 1:18 est fabriqu\u00e9e par OttOmobile dans sa livr\u00e9e Noir Profond. Mod\u00e8le en r\u00e9sine limit\u00e9 \u00e0 3000 pi\u00e8ces num\u00e9rot\u00e9es.<\/p>\n","protected":false},"featured_media":21587,"template":"","meta":{"_seopress_robots_primary_cat":"","_seopress_titles_title":"","_seopress_titles_desc":"","_seopress_robots_index":""},"product_brand":[],"product_cat":[225],"product_tag":[84,93,92,85],"class_list":{"0":"post-21037","1":"product","2":"type-product","3":"status-publish","4":"has-post-thumbnail","6":"product_cat-ottomobile","7":"product_tag-echelle-118","8":"product_tag-edition-limitee","9":"product_tag-resine","10":"product_tag-sans-ouvrants","11":"product_shipping_class-delivengo","13":"first","14":"outofstock","15":"taxable","16":"shipping-taxable","17":"purchasable","18":"product-type-simple"},"_links":{"self":[{"href":"https:\/\/modelkars.com\/fr\/wp-json\/wp\/v2\/product\/21037","targetHints":{"allow":["GET"]}}],"collection":[{"href":"https:\/\/modelkars.com\/fr\/wp-json\/wp\/v2\/product"}],"about":[{"href":"https:\/\/modelkars.com\/fr\/wp-json\/wp\/v2\/types\/product"}],"wp:featuredmedia":[{"embeddable":true,"href":"https:\/\/modelkars.com\/fr\/wp-json\/wp\/v2\/media\/21587"}],"wp:attachment":[{"href":"https:\/\/modelkars.com\/fr\/wp-json\/wp\/v2\/media?parent=21037"}],"wp:term":[{"taxonomy":"product_brand","embeddable":true,"href":"https:\/\/modelkars.com\/fr\/wp-json\/wp\/v2\/product_brand?post=21037"},{"taxonomy":"product_cat","embeddable":true,"href":"https:\/\/modelkars.com\/fr\/wp-json\/wp\/v2\/product_cat?post=21037"},{"taxonomy":"product_tag","embeddable":true,"href":"https:\/\/modelkars.com\/fr\/wp-json\/wp\/v2\/product_tag?post=21037"}],"curies":[{"name":"wp","href":"https:\/\/api.w.org\/{rel}","templated":true}]}}