{"id":21036,"date":"2021-04-16T20:51:01","date_gmt":"2021-04-16T18:51:01","guid":{"rendered":"https:\/\/modelkars.com\/?post_type=product&#038;p=21036"},"modified":"2025-12-01T01:54:53","modified_gmt":"2025-12-01T00:54:53","slug":"ot883-volkswagen-golf-7r-blanche","status":"publish","type":"product","link":"https:\/\/modelkars.com\/fr\/shop\/ottomobile\/ot883-volkswagen-golf-7r-blanche\/","title":{"rendered":"Volkswagen Golf 7R"},"content":{"rendered":"","protected":false},"excerpt":{"rendered":"<p>Cette superbe Golf 7R est reproduite \u00e0 l\u2019\u00e9chelle 1:18 dans une couleur blanche par le fabricant OttOmobile. Mod\u00e8le limit\u00e9 \u00e0 2000 exemplaires num\u00e9rot\u00e9s.<\/p>\n","protected":false},"featured_media":21581,"template":"","meta":{"_seopress_robots_primary_cat":"","_seopress_titles_title":"","_seopress_titles_desc":"","_seopress_robots_index":""},"product_brand":[],"product_cat":[225],"product_tag":[84,93,92,85],"class_list":{"0":"post-21036","1":"product","2":"type-product","3":"status-publish","4":"has-post-thumbnail","6":"product_cat-ottomobile","7":"product_tag-echelle-118","8":"product_tag-edition-limitee","9":"product_tag-resine","10":"product_tag-sans-ouvrants","12":"first","13":"outofstock","14":"taxable","15":"shipping-taxable","16":"purchasable","17":"product-type-simple"},"_links":{"self":[{"href":"https:\/\/modelkars.com\/fr\/wp-json\/wp\/v2\/product\/21036","targetHints":{"allow":["GET"]}}],"collection":[{"href":"https:\/\/modelkars.com\/fr\/wp-json\/wp\/v2\/product"}],"about":[{"href":"https:\/\/modelkars.com\/fr\/wp-json\/wp\/v2\/types\/product"}],"wp:featuredmedia":[{"embeddable":true,"href":"https:\/\/modelkars.com\/fr\/wp-json\/wp\/v2\/media\/21581"}],"wp:attachment":[{"href":"https:\/\/modelkars.com\/fr\/wp-json\/wp\/v2\/media?parent=21036"}],"wp:term":[{"taxonomy":"product_brand","embeddable":true,"href":"https:\/\/modelkars.com\/fr\/wp-json\/wp\/v2\/product_brand?post=21036"},{"taxonomy":"product_cat","embeddable":true,"href":"https:\/\/modelkars.com\/fr\/wp-json\/wp\/v2\/product_cat?post=21036"},{"taxonomy":"product_tag","embeddable":true,"href":"https:\/\/modelkars.com\/fr\/wp-json\/wp\/v2\/product_tag?post=21036"}],"curies":[{"name":"wp","href":"https:\/\/api.w.org\/{rel}","templated":true}]}}