{"id":2057,"date":"2020-02-01T17:57:10","date_gmt":"2020-02-01T16:57:10","guid":{"rendered":"https:\/\/modelkars.com\/?post_type=product&#038;p=2057"},"modified":"2025-12-01T01:55:20","modified_gmt":"2025-12-01T00:55:20","slug":"zm116-nissan-gtr-liberty-walk-bleu","status":"publish","type":"product","link":"https:\/\/modelkars.com\/fr\/shop\/gt-spirit\/zm116-nissan-gtr-liberty-walk-bleu\/","title":{"rendered":"Nissan GTR Liberty Walk"},"content":{"rendered":"","protected":false},"excerpt":{"rendered":"<p>Cette Nissan GTR LB Performance bleue est reproduite au 1:18 par GT Spirit et limit\u00e9e \u00e0 seulement 504 exemplaires dans cette version bleue. La supercar de Nissan est ici pr\u00e9par\u00e9e avec le plus grand soin par Liberty Walk pour un look d\u00e9finitivement plus radical et agressif !<\/p>\n","protected":false},"featured_media":9360,"template":"","meta":{"_seopress_robots_primary_cat":"none","_seopress_titles_title":"","_seopress_titles_desc":"","_seopress_robots_index":""},"product_brand":[],"product_cat":[71],"product_tag":[84,93,92,85],"class_list":{"0":"post-2057","1":"product","2":"type-product","3":"status-publish","4":"has-post-thumbnail","6":"product_cat-gt-spirit","7":"product_tag-echelle-118","8":"product_tag-edition-limitee","9":"product_tag-resine","10":"product_tag-sans-ouvrants","12":"first","13":"outofstock","14":"taxable","15":"shipping-taxable","16":"purchasable","17":"product-type-simple"},"_links":{"self":[{"href":"https:\/\/modelkars.com\/fr\/wp-json\/wp\/v2\/product\/2057","targetHints":{"allow":["GET"]}}],"collection":[{"href":"https:\/\/modelkars.com\/fr\/wp-json\/wp\/v2\/product"}],"about":[{"href":"https:\/\/modelkars.com\/fr\/wp-json\/wp\/v2\/types\/product"}],"wp:featuredmedia":[{"embeddable":true,"href":"https:\/\/modelkars.com\/fr\/wp-json\/wp\/v2\/media\/9360"}],"wp:attachment":[{"href":"https:\/\/modelkars.com\/fr\/wp-json\/wp\/v2\/media?parent=2057"}],"wp:term":[{"taxonomy":"product_brand","embeddable":true,"href":"https:\/\/modelkars.com\/fr\/wp-json\/wp\/v2\/product_brand?post=2057"},{"taxonomy":"product_cat","embeddable":true,"href":"https:\/\/modelkars.com\/fr\/wp-json\/wp\/v2\/product_cat?post=2057"},{"taxonomy":"product_tag","embeddable":true,"href":"https:\/\/modelkars.com\/fr\/wp-json\/wp\/v2\/product_tag?post=2057"}],"curies":[{"name":"wp","href":"https:\/\/api.w.org\/{rel}","templated":true}]}}