{"id":19951,"date":"2021-10-09T18:28:55","date_gmt":"2021-10-09T16:28:55","guid":{"rendered":"https:\/\/modelkars.com\/?post_type=product&#038;p=19951"},"modified":"2025-12-01T01:54:40","modified_gmt":"2025-12-01T00:54:40","slug":"gt327-mclaren-765lt-orange-helios","status":"publish","type":"product","link":"https:\/\/modelkars.com\/fr\/shop\/gt-spirit\/gt327-mclaren-765lt-orange-helios\/","title":{"rendered":"McLaren 765LT"},"content":{"rendered":"","protected":false},"excerpt":{"rendered":"<p>Cette magnifique McLaren 765LT est reproduite \u00e0 l&rsquo;\u00e9chelle 1:18\u00e8me par GT Spirit dans sa livr\u00e9e orange Helios. Mod\u00e8le en r\u00e9sine fabriqu\u00e9 en s\u00e9rie limit\u00e9e.<\/p>\n","protected":false},"featured_media":23894,"template":"","meta":{"_seopress_robots_primary_cat":"none","_seopress_titles_title":"","_seopress_titles_desc":"","_seopress_robots_index":""},"product_brand":[],"product_cat":[71],"product_tag":[405,84,93,92,85],"class_list":{"0":"post-19951","1":"product","2":"type-product","3":"status-publish","4":"has-post-thumbnail","6":"product_cat-gt-spirit","7":"product_tag-aout-2021","8":"product_tag-echelle-118","9":"product_tag-edition-limitee","10":"product_tag-resine","11":"product_tag-sans-ouvrants","12":"product_shipping_class-delivengo","14":"first","15":"outofstock","16":"taxable","17":"shipping-taxable","18":"purchasable","19":"product-type-simple"},"_links":{"self":[{"href":"https:\/\/modelkars.com\/fr\/wp-json\/wp\/v2\/product\/19951","targetHints":{"allow":["GET"]}}],"collection":[{"href":"https:\/\/modelkars.com\/fr\/wp-json\/wp\/v2\/product"}],"about":[{"href":"https:\/\/modelkars.com\/fr\/wp-json\/wp\/v2\/types\/product"}],"wp:featuredmedia":[{"embeddable":true,"href":"https:\/\/modelkars.com\/fr\/wp-json\/wp\/v2\/media\/23894"}],"wp:attachment":[{"href":"https:\/\/modelkars.com\/fr\/wp-json\/wp\/v2\/media?parent=19951"}],"wp:term":[{"taxonomy":"product_brand","embeddable":true,"href":"https:\/\/modelkars.com\/fr\/wp-json\/wp\/v2\/product_brand?post=19951"},{"taxonomy":"product_cat","embeddable":true,"href":"https:\/\/modelkars.com\/fr\/wp-json\/wp\/v2\/product_cat?post=19951"},{"taxonomy":"product_tag","embeddable":true,"href":"https:\/\/modelkars.com\/fr\/wp-json\/wp\/v2\/product_tag?post=19951"}],"curies":[{"name":"wp","href":"https:\/\/api.w.org\/{rel}","templated":true}]}}