{"id":19946,"date":"2021-09-21T18:28:54","date_gmt":"2021-09-21T16:28:54","guid":{"rendered":"https:\/\/modelkars.com\/?post_type=product&#038;p=19946"},"modified":"2025-12-01T01:54:42","modified_gmt":"2025-12-01T00:54:42","slug":"gt370-chevrolet-corvette-c8-pace-car-blanc-arctic","status":"publish","type":"product","link":"https:\/\/modelkars.com\/fr\/shop\/gt-spirit\/gt370-chevrolet-corvette-c8-pace-car-blanc-arctic\/","title":{"rendered":"Chevrolet Corvette C8 Pace Car"},"content":{"rendered":"","protected":false},"excerpt":{"rendered":"<p>La Corvette C8 de Chevrolet est ici reproduite \u00e0 l&rsquo;\u00e9chelle 1\/18 dans une livr\u00e9e blanche sp\u00e9ciale Pace Car. Ce mod\u00e8le fabriqu\u00e9 par GT Spirit est produit en s\u00e9rie limit\u00e9e.<\/p>\n","protected":false},"featured_media":22942,"template":"","meta":{"_seopress_robots_primary_cat":"none","_seopress_titles_title":"","_seopress_titles_desc":"","_seopress_robots_index":""},"product_brand":[],"product_cat":[71],"product_tag":[84,93,403,92,85],"class_list":{"0":"post-19946","1":"product","2":"type-product","3":"status-publish","4":"has-post-thumbnail","6":"product_cat-gt-spirit","7":"product_tag-echelle-118","8":"product_tag-edition-limitee","9":"product_tag-juillet-2021","10":"product_tag-resine","11":"product_tag-sans-ouvrants","12":"product_shipping_class-delivengo","14":"first","15":"outofstock","16":"taxable","17":"shipping-taxable","18":"purchasable","19":"product-type-simple"},"_links":{"self":[{"href":"https:\/\/modelkars.com\/fr\/wp-json\/wp\/v2\/product\/19946","targetHints":{"allow":["GET"]}}],"collection":[{"href":"https:\/\/modelkars.com\/fr\/wp-json\/wp\/v2\/product"}],"about":[{"href":"https:\/\/modelkars.com\/fr\/wp-json\/wp\/v2\/types\/product"}],"wp:featuredmedia":[{"embeddable":true,"href":"https:\/\/modelkars.com\/fr\/wp-json\/wp\/v2\/media\/22942"}],"wp:attachment":[{"href":"https:\/\/modelkars.com\/fr\/wp-json\/wp\/v2\/media?parent=19946"}],"wp:term":[{"taxonomy":"product_brand","embeddable":true,"href":"https:\/\/modelkars.com\/fr\/wp-json\/wp\/v2\/product_brand?post=19946"},{"taxonomy":"product_cat","embeddable":true,"href":"https:\/\/modelkars.com\/fr\/wp-json\/wp\/v2\/product_cat?post=19946"},{"taxonomy":"product_tag","embeddable":true,"href":"https:\/\/modelkars.com\/fr\/wp-json\/wp\/v2\/product_tag?post=19946"}],"curies":[{"name":"wp","href":"https:\/\/api.w.org\/{rel}","templated":true}]}}