{"id":19942,"date":"2021-09-21T18:28:54","date_gmt":"2021-09-21T16:28:54","guid":{"rendered":"https:\/\/modelkars.com\/?post_type=product&#038;p=19942"},"modified":"2025-12-01T01:54:42","modified_gmt":"2025-12-01T00:54:42","slug":"gt290-ford-gt-mk2-2020-multimatic","status":"publish","type":"product","link":"https:\/\/modelkars.com\/fr\/shop\/gt-spirit\/gt290-ford-gt-mk2-2020-multimatic\/","title":{"rendered":"Ford GT MKII 2020"},"content":{"rendered":"","protected":false},"excerpt":{"rendered":"<p>Cette formidable Ford GT est fabriqu\u00e9e par GT Spirit dans sa version sp\u00e9ciale \u00ab\u00a0MKII\u00a0\u00bb. Ce mod\u00e8le \u00e0 l&rsquo;\u00e9chelle 1:18 est disponible en s\u00e9rie tr\u00e8s limit\u00e9e et num\u00e9rot\u00e9e.<\/p>\n","protected":false},"featured_media":22086,"template":"","meta":{"_seopress_robots_primary_cat":"none","_seopress_titles_title":"","_seopress_titles_desc":"","_seopress_robots_index":""},"product_brand":[],"product_cat":[71],"product_tag":[84,93,403,92,85],"class_list":{"0":"post-19942","1":"product","2":"type-product","3":"status-publish","4":"has-post-thumbnail","6":"product_cat-gt-spirit","7":"product_tag-echelle-118","8":"product_tag-edition-limitee","9":"product_tag-juillet-2021","10":"product_tag-resine","11":"product_tag-sans-ouvrants","12":"product_shipping_class-delivengo","14":"first","15":"outofstock","16":"taxable","17":"shipping-taxable","18":"purchasable","19":"product-type-simple"},"_links":{"self":[{"href":"https:\/\/modelkars.com\/fr\/wp-json\/wp\/v2\/product\/19942","targetHints":{"allow":["GET"]}}],"collection":[{"href":"https:\/\/modelkars.com\/fr\/wp-json\/wp\/v2\/product"}],"about":[{"href":"https:\/\/modelkars.com\/fr\/wp-json\/wp\/v2\/types\/product"}],"wp:featuredmedia":[{"embeddable":true,"href":"https:\/\/modelkars.com\/fr\/wp-json\/wp\/v2\/media\/22086"}],"wp:attachment":[{"href":"https:\/\/modelkars.com\/fr\/wp-json\/wp\/v2\/media?parent=19942"}],"wp:term":[{"taxonomy":"product_brand","embeddable":true,"href":"https:\/\/modelkars.com\/fr\/wp-json\/wp\/v2\/product_brand?post=19942"},{"taxonomy":"product_cat","embeddable":true,"href":"https:\/\/modelkars.com\/fr\/wp-json\/wp\/v2\/product_cat?post=19942"},{"taxonomy":"product_tag","embeddable":true,"href":"https:\/\/modelkars.com\/fr\/wp-json\/wp\/v2\/product_tag?post=19942"}],"curies":[{"name":"wp","href":"https:\/\/api.w.org\/{rel}","templated":true}]}}