{"id":19007,"date":"2021-08-23T00:05:57","date_gmt":"2021-08-22T22:05:57","guid":{"rendered":"https:\/\/modelkars.com\/?post_type=product&#038;p=19007"},"modified":"2025-12-01T01:54:44","modified_gmt":"2025-12-01T00:54:44","slug":"79185-lamborghini-aventador-liberty-walk-martini","status":"publish","type":"product","link":"https:\/\/modelkars.com\/fr\/shop\/autoart\/79185-lamborghini-aventador-liberty-walk-martini\/","title":{"rendered":"LB-Works Lamborghini Aventador Liberty Walk Martini"},"content":{"rendered":"","protected":false},"excerpt":{"rendered":"<p>Cette Lamborghini Aventador Limited Edition pr\u00e9par\u00e9e par Liberty Walk -LB Works- est reproduite \u00e0 la perfection au 1:18\u00e8me par AUTOart dans une livr\u00e9e aux couleurs Martini, blanche \u00e0 bandes bleues et rouges. Ce mod\u00e8le comporte de nombreux ouvrants permettant d&rsquo;admirer l&rsquo;int\u00e9rieur, le coffre ainsi que le moteur.<\/p>\n","protected":false},"featured_media":23379,"template":"","meta":{"_seopress_robots_primary_cat":"none","_seopress_titles_title":"","_seopress_titles_desc":"","_seopress_robots_index":""},"product_brand":[],"product_cat":[118],"product_tag":[117,119,84],"class_list":{"0":"post-19007","1":"product","2":"type-product","3":"status-publish","4":"has-post-thumbnail","6":"product_cat-autoart","7":"product_tag-avec-ouvrants","8":"product_tag-composite","9":"product_tag-echelle-118","11":"first","12":"outofstock","13":"taxable","14":"shipping-taxable","15":"purchasable","16":"product-type-simple"},"_links":{"self":[{"href":"https:\/\/modelkars.com\/fr\/wp-json\/wp\/v2\/product\/19007","targetHints":{"allow":["GET"]}}],"collection":[{"href":"https:\/\/modelkars.com\/fr\/wp-json\/wp\/v2\/product"}],"about":[{"href":"https:\/\/modelkars.com\/fr\/wp-json\/wp\/v2\/types\/product"}],"wp:featuredmedia":[{"embeddable":true,"href":"https:\/\/modelkars.com\/fr\/wp-json\/wp\/v2\/media\/23379"}],"wp:attachment":[{"href":"https:\/\/modelkars.com\/fr\/wp-json\/wp\/v2\/media?parent=19007"}],"wp:term":[{"taxonomy":"product_brand","embeddable":true,"href":"https:\/\/modelkars.com\/fr\/wp-json\/wp\/v2\/product_brand?post=19007"},{"taxonomy":"product_cat","embeddable":true,"href":"https:\/\/modelkars.com\/fr\/wp-json\/wp\/v2\/product_cat?post=19007"},{"taxonomy":"product_tag","embeddable":true,"href":"https:\/\/modelkars.com\/fr\/wp-json\/wp\/v2\/product_tag?post=19007"}],"curies":[{"name":"wp","href":"https:\/\/api.w.org\/{rel}","templated":true}]}}