{"id":18961,"date":"2021-11-21T22:59:27","date_gmt":"2021-11-21T21:59:27","guid":{"rendered":"https:\/\/modelkars.com\/?post_type=product&#038;p=18961"},"modified":"2025-12-01T01:54:36","modified_gmt":"2025-12-01T00:54:36","slug":"dna000102-subaru-forester-sti-2007-noir","status":"publish","type":"product","link":"https:\/\/modelkars.com\/fr\/shop\/dna-collectibles\/dna000102-subaru-forester-sti-2007-noir\/","title":{"rendered":"Subaru Forester STI"},"content":{"rendered":"","protected":false},"excerpt":{"rendered":"<p>Le fabricant DNA Collectibles reproduit la r\u00e9plique exacte \u00e0 l&rsquo;\u00e9chelle 1:18\u00e8me de la Subaru Forester STI de 2007 dans sa couleur noire. Mod\u00e8le produit en s\u00e9rie limit\u00e9e.<\/p>\n","protected":false},"featured_media":21533,"template":"","meta":{"_seopress_robots_primary_cat":"none","_seopress_titles_title":"","_seopress_titles_desc":"","_seopress_robots_index":""},"product_brand":[],"product_cat":[336],"product_tag":[84,93,92,85],"class_list":{"0":"post-18961","1":"product","2":"type-product","3":"status-publish","4":"has-post-thumbnail","6":"product_cat-dna-collectibles","7":"product_tag-echelle-118","8":"product_tag-edition-limitee","9":"product_tag-resine","10":"product_tag-sans-ouvrants","12":"first","13":"outofstock","14":"taxable","15":"shipping-taxable","16":"purchasable","17":"product-type-simple"},"_links":{"self":[{"href":"https:\/\/modelkars.com\/fr\/wp-json\/wp\/v2\/product\/18961","targetHints":{"allow":["GET"]}}],"collection":[{"href":"https:\/\/modelkars.com\/fr\/wp-json\/wp\/v2\/product"}],"about":[{"href":"https:\/\/modelkars.com\/fr\/wp-json\/wp\/v2\/types\/product"}],"wp:featuredmedia":[{"embeddable":true,"href":"https:\/\/modelkars.com\/fr\/wp-json\/wp\/v2\/media\/21533"}],"wp:attachment":[{"href":"https:\/\/modelkars.com\/fr\/wp-json\/wp\/v2\/media?parent=18961"}],"wp:term":[{"taxonomy":"product_brand","embeddable":true,"href":"https:\/\/modelkars.com\/fr\/wp-json\/wp\/v2\/product_brand?post=18961"},{"taxonomy":"product_cat","embeddable":true,"href":"https:\/\/modelkars.com\/fr\/wp-json\/wp\/v2\/product_cat?post=18961"},{"taxonomy":"product_tag","embeddable":true,"href":"https:\/\/modelkars.com\/fr\/wp-json\/wp\/v2\/product_tag?post=18961"}],"curies":[{"name":"wp","href":"https:\/\/api.w.org\/{rel}","templated":true}]}}