{"id":18648,"date":"2021-08-18T12:57:00","date_gmt":"2021-08-18T10:57:00","guid":{"rendered":"https:\/\/modelkars.com\/?post_type=product&#038;p=18648"},"modified":"2025-12-01T01:54:44","modified_gmt":"2025-12-01T00:54:44","slug":"gt284-nissan-gtr-r50-verte","status":"publish","type":"product","link":"https:\/\/modelkars.com\/fr\/shop\/gt-spirit\/gt284-nissan-gtr-r50-verte\/","title":{"rendered":"Nissan GT-R R50 2021"},"content":{"rendered":"","protected":false},"excerpt":{"rendered":"<p>Cet \u00e9tonnant prototype de Nissan GT-R 50 imagin\u00e9 par Ital Design est maintenant disponible \u00e0 l&rsquo;\u00e9chelle 1:18 dans une nouvelle couleur verte ! Fabriqu\u00e9 par GT Spirit, ce mod\u00e8le r\u00e9duit de collection est produit en s\u00e9rie limit\u00e9e et poss\u00e8de un num\u00e9ro unique sur chaque exemplaire.<\/p>\n","protected":false},"featured_media":20920,"template":"","meta":{"_seopress_robots_primary_cat":"none","_seopress_titles_title":"","_seopress_titles_desc":"","_seopress_robots_index":""},"product_brand":[],"product_cat":[71],"product_tag":[84,93,400,92,85],"class_list":{"0":"post-18648","1":"product","2":"type-product","3":"status-publish","4":"has-post-thumbnail","6":"product_cat-gt-spirit","7":"product_tag-echelle-118","8":"product_tag-edition-limitee","9":"product_tag-juin-2021","10":"product_tag-resine","11":"product_tag-sans-ouvrants","12":"product_shipping_class-delivengo","14":"first","15":"outofstock","16":"taxable","17":"shipping-taxable","18":"purchasable","19":"product-type-simple"},"_links":{"self":[{"href":"https:\/\/modelkars.com\/fr\/wp-json\/wp\/v2\/product\/18648","targetHints":{"allow":["GET"]}}],"collection":[{"href":"https:\/\/modelkars.com\/fr\/wp-json\/wp\/v2\/product"}],"about":[{"href":"https:\/\/modelkars.com\/fr\/wp-json\/wp\/v2\/types\/product"}],"wp:featuredmedia":[{"embeddable":true,"href":"https:\/\/modelkars.com\/fr\/wp-json\/wp\/v2\/media\/20920"}],"wp:attachment":[{"href":"https:\/\/modelkars.com\/fr\/wp-json\/wp\/v2\/media?parent=18648"}],"wp:term":[{"taxonomy":"product_brand","embeddable":true,"href":"https:\/\/modelkars.com\/fr\/wp-json\/wp\/v2\/product_brand?post=18648"},{"taxonomy":"product_cat","embeddable":true,"href":"https:\/\/modelkars.com\/fr\/wp-json\/wp\/v2\/product_cat?post=18648"},{"taxonomy":"product_tag","embeddable":true,"href":"https:\/\/modelkars.com\/fr\/wp-json\/wp\/v2\/product_tag?post=18648"}],"curies":[{"name":"wp","href":"https:\/\/api.w.org\/{rel}","templated":true}]}}