{"id":18646,"date":"2021-08-18T12:57:00","date_gmt":"2021-08-18T10:57:00","guid":{"rendered":"https:\/\/modelkars.com\/?post_type=product&#038;p=18646"},"modified":"2025-12-01T01:54:44","modified_gmt":"2025-12-01T00:54:44","slug":"gt357-dodge-charger-srt-hellcat-redeye-blanche","status":"publish","type":"product","link":"https:\/\/modelkars.com\/fr\/shop\/gt-spirit\/gt357-dodge-charger-srt-hellcat-redeye-blanche\/","title":{"rendered":"Dodge Charger SRT Hellcat Redeye"},"content":{"rendered":"","protected":false},"excerpt":{"rendered":"<p>Cette superbe Dodge Charger SRT Hellcat Redeye est reproduite par GT Spirit \u00e0 l&rsquo;\u00e9chelle 1:18 dans une livr\u00e9e blanche. Les jantes, le toit et le capot sont peints en noir. Cette miniature fabriqu\u00e9e en s\u00e9rie limit\u00e9e et num\u00e9rot\u00e9e.<\/p>\n","protected":false},"featured_media":20396,"template":"","meta":{"_seopress_robots_primary_cat":"none","_seopress_titles_title":"","_seopress_titles_desc":"","_seopress_robots_index":""},"product_brand":[],"product_cat":[71],"product_tag":[84,93,400,92,85],"class_list":{"0":"post-18646","1":"product","2":"type-product","3":"status-publish","4":"has-post-thumbnail","6":"product_cat-gt-spirit","7":"product_tag-echelle-118","8":"product_tag-edition-limitee","9":"product_tag-juin-2021","10":"product_tag-resine","11":"product_tag-sans-ouvrants","12":"product_shipping_class-delivengo","14":"first","15":"outofstock","16":"taxable","17":"shipping-taxable","18":"purchasable","19":"product-type-simple"},"_links":{"self":[{"href":"https:\/\/modelkars.com\/fr\/wp-json\/wp\/v2\/product\/18646","targetHints":{"allow":["GET"]}}],"collection":[{"href":"https:\/\/modelkars.com\/fr\/wp-json\/wp\/v2\/product"}],"about":[{"href":"https:\/\/modelkars.com\/fr\/wp-json\/wp\/v2\/types\/product"}],"wp:featuredmedia":[{"embeddable":true,"href":"https:\/\/modelkars.com\/fr\/wp-json\/wp\/v2\/media\/20396"}],"wp:attachment":[{"href":"https:\/\/modelkars.com\/fr\/wp-json\/wp\/v2\/media?parent=18646"}],"wp:term":[{"taxonomy":"product_brand","embeddable":true,"href":"https:\/\/modelkars.com\/fr\/wp-json\/wp\/v2\/product_brand?post=18646"},{"taxonomy":"product_cat","embeddable":true,"href":"https:\/\/modelkars.com\/fr\/wp-json\/wp\/v2\/product_cat?post=18646"},{"taxonomy":"product_tag","embeddable":true,"href":"https:\/\/modelkars.com\/fr\/wp-json\/wp\/v2\/product_tag?post=18646"}],"curies":[{"name":"wp","href":"https:\/\/api.w.org\/{rel}","templated":true}]}}