{"id":18643,"date":"2021-06-25T09:56:59","date_gmt":"2021-06-25T07:56:59","guid":{"rendered":"https:\/\/modelkars.com\/?post_type=product&#038;p=18643"},"modified":"2025-12-01T01:54:47","modified_gmt":"2025-12-01T00:54:47","slug":"gt341-toyota-supra-gr-fuji-speedway-blanche","status":"publish","type":"product","link":"https:\/\/modelkars.com\/fr\/shop\/gt-spirit\/gt341-toyota-supra-gr-fuji-speedway-blanche\/","title":{"rendered":"Toyota Supra GR Fuji Speedway Edition"},"content":{"rendered":"","protected":false},"excerpt":{"rendered":"<p>Cette superbe Toyota GR Supra sur-vitamin\u00e9e est propos\u00e9e par GT Spirit en version blanche Fuji Speedway Edition. Fabriqu\u00e9e \u00e0 l&rsquo;\u00e9chelle 1:18\u00e8me, cette miniature en r\u00e9sine est produite en s\u00e9rie limit\u00e9e !<\/p>\n","protected":false},"featured_media":19763,"template":"","meta":{"_seopress_robots_primary_cat":"none","_seopress_titles_title":"","_seopress_titles_desc":"","_seopress_robots_index":""},"product_brand":[],"product_cat":[71],"product_tag":[84,93,398,92,85],"class_list":{"0":"post-18643","1":"product","2":"type-product","3":"status-publish","4":"has-post-thumbnail","6":"product_cat-gt-spirit","7":"product_tag-echelle-118","8":"product_tag-edition-limitee","9":"product_tag-mai-2021","10":"product_tag-resine","11":"product_tag-sans-ouvrants","12":"product_shipping_class-delivengo","14":"first","15":"outofstock","16":"taxable","17":"shipping-taxable","18":"purchasable","19":"product-type-simple"},"_links":{"self":[{"href":"https:\/\/modelkars.com\/fr\/wp-json\/wp\/v2\/product\/18643","targetHints":{"allow":["GET"]}}],"collection":[{"href":"https:\/\/modelkars.com\/fr\/wp-json\/wp\/v2\/product"}],"about":[{"href":"https:\/\/modelkars.com\/fr\/wp-json\/wp\/v2\/types\/product"}],"wp:featuredmedia":[{"embeddable":true,"href":"https:\/\/modelkars.com\/fr\/wp-json\/wp\/v2\/media\/19763"}],"wp:attachment":[{"href":"https:\/\/modelkars.com\/fr\/wp-json\/wp\/v2\/media?parent=18643"}],"wp:term":[{"taxonomy":"product_brand","embeddable":true,"href":"https:\/\/modelkars.com\/fr\/wp-json\/wp\/v2\/product_brand?post=18643"},{"taxonomy":"product_cat","embeddable":true,"href":"https:\/\/modelkars.com\/fr\/wp-json\/wp\/v2\/product_cat?post=18643"},{"taxonomy":"product_tag","embeddable":true,"href":"https:\/\/modelkars.com\/fr\/wp-json\/wp\/v2\/product_tag?post=18643"}],"curies":[{"name":"wp","href":"https:\/\/api.w.org\/{rel}","templated":true}]}}