{"id":18486,"date":"2021-05-03T00:11:07","date_gmt":"2021-05-02T22:11:07","guid":{"rendered":"https:\/\/modelkars.com\/?post_type=product&#038;p=18486"},"modified":"2025-12-01T01:54:51","modified_gmt":"2025-12-01T00:54:51","slug":"79024-koenigsegg-agera-rs-grise","status":"publish","type":"product","link":"https:\/\/modelkars.com\/fr\/shop\/autoart\/79024-koenigsegg-agera-rs-grise\/","title":{"rendered":"Koenigsegg Agera RS"},"content":{"rendered":"","protected":false},"excerpt":{"rendered":"<p>Cette Koenigsegg Agera RS \u00e0 l\u2019\u00e9chelle 1:18\u00e8me est fabriqu\u00e9e par AUTOart dans une livr\u00e9e grise et accents orange. Cette miniature haut de gamme poss\u00e8de de nombreux ouvrants.<\/p>\n","protected":false},"featured_media":18965,"template":"","meta":{"_seopress_robots_primary_cat":"none","_seopress_titles_title":"","_seopress_titles_desc":"","_seopress_robots_index":""},"product_brand":[],"product_cat":[118],"product_tag":[117,119,84],"class_list":{"0":"post-18486","1":"product","2":"type-product","3":"status-publish","4":"has-post-thumbnail","6":"product_cat-autoart","7":"product_tag-avec-ouvrants","8":"product_tag-composite","9":"product_tag-echelle-118","10":"product_shipping_class-delivengo","12":"first","13":"outofstock","14":"taxable","15":"shipping-taxable","16":"purchasable","17":"product-type-simple"},"_links":{"self":[{"href":"https:\/\/modelkars.com\/fr\/wp-json\/wp\/v2\/product\/18486","targetHints":{"allow":["GET"]}}],"collection":[{"href":"https:\/\/modelkars.com\/fr\/wp-json\/wp\/v2\/product"}],"about":[{"href":"https:\/\/modelkars.com\/fr\/wp-json\/wp\/v2\/types\/product"}],"wp:featuredmedia":[{"embeddable":true,"href":"https:\/\/modelkars.com\/fr\/wp-json\/wp\/v2\/media\/18965"}],"wp:attachment":[{"href":"https:\/\/modelkars.com\/fr\/wp-json\/wp\/v2\/media?parent=18486"}],"wp:term":[{"taxonomy":"product_brand","embeddable":true,"href":"https:\/\/modelkars.com\/fr\/wp-json\/wp\/v2\/product_brand?post=18486"},{"taxonomy":"product_cat","embeddable":true,"href":"https:\/\/modelkars.com\/fr\/wp-json\/wp\/v2\/product_cat?post=18486"},{"taxonomy":"product_tag","embeddable":true,"href":"https:\/\/modelkars.com\/fr\/wp-json\/wp\/v2\/product_tag?post=18486"}],"curies":[{"name":"wp","href":"https:\/\/api.w.org\/{rel}","templated":true}]}}