{"id":18479,"date":"2021-05-02T18:43:22","date_gmt":"2021-05-02T16:43:22","guid":{"rendered":"https:\/\/modelkars.com\/?post_type=product&#038;p=18479"},"modified":"2025-12-01T01:54:51","modified_gmt":"2025-12-01T00:54:51","slug":"70276-aston-martin-vantage-2019-grise","status":"publish","type":"product","link":"https:\/\/modelkars.com\/fr\/shop\/autoart\/70276-aston-martin-vantage-2019-grise\/","title":{"rendered":"Aston Martin Vantage 2019"},"content":{"rendered":"","protected":false},"excerpt":{"rendered":"<p>Cette miniature haut de gamme reproduit avec une grande pr\u00e9cision l\u2019Aston Martin Vantage (2019) dans une livr\u00e9e grise argent\u00e9e (Skyfall Silver) \u00e0 l&rsquo;\u00e9chelle 1:18\u00e8me. Fabriqu\u00e9e par AUTOart, ce mod\u00e8le r\u00e9duit poss\u00e8de des ouvrants (portes, coffre et capot moteur) ainsi que les roues directionnelles.<\/p>\n","protected":false},"featured_media":19484,"template":"","meta":{"_seopress_robots_primary_cat":"none","_seopress_titles_title":"","_seopress_titles_desc":"","_seopress_robots_index":""},"product_brand":[],"product_cat":[118],"product_tag":[117,119,84],"class_list":{"0":"post-18479","1":"product","2":"type-product","3":"status-publish","4":"has-post-thumbnail","6":"product_cat-autoart","7":"product_tag-avec-ouvrants","8":"product_tag-composite","9":"product_tag-echelle-118","10":"product_shipping_class-delivengo","12":"first","13":"outofstock","14":"taxable","15":"shipping-taxable","16":"purchasable","17":"product-type-simple"},"_links":{"self":[{"href":"https:\/\/modelkars.com\/fr\/wp-json\/wp\/v2\/product\/18479","targetHints":{"allow":["GET"]}}],"collection":[{"href":"https:\/\/modelkars.com\/fr\/wp-json\/wp\/v2\/product"}],"about":[{"href":"https:\/\/modelkars.com\/fr\/wp-json\/wp\/v2\/types\/product"}],"wp:featuredmedia":[{"embeddable":true,"href":"https:\/\/modelkars.com\/fr\/wp-json\/wp\/v2\/media\/19484"}],"wp:attachment":[{"href":"https:\/\/modelkars.com\/fr\/wp-json\/wp\/v2\/media?parent=18479"}],"wp:term":[{"taxonomy":"product_brand","embeddable":true,"href":"https:\/\/modelkars.com\/fr\/wp-json\/wp\/v2\/product_brand?post=18479"},{"taxonomy":"product_cat","embeddable":true,"href":"https:\/\/modelkars.com\/fr\/wp-json\/wp\/v2\/product_cat?post=18479"},{"taxonomy":"product_tag","embeddable":true,"href":"https:\/\/modelkars.com\/fr\/wp-json\/wp\/v2\/product_tag?post=18479"}],"curies":[{"name":"wp","href":"https:\/\/api.w.org\/{rel}","templated":true}]}}