{"id":17801,"date":"2020-12-10T22:48:38","date_gmt":"2020-12-10T21:48:38","guid":{"rendered":"https:\/\/modelkars.com\/?post_type=product&#038;p=17801"},"modified":"2025-12-01T01:55:00","modified_gmt":"2025-12-01T00:55:00","slug":"ot848-ford-fiesta-xr2-mk1-1981-rouge","status":"publish","type":"product","link":"https:\/\/modelkars.com\/fr\/shop\/ottomobile\/ot848-ford-fiesta-xr2-mk1-1981-rouge\/","title":{"rendered":"Ford Fiesta XR2 (MK1)"},"content":{"rendered":"","protected":false},"excerpt":{"rendered":"<p>Cette Ford Fiesta XR2 miniature \u00e0 l&rsquo;\u00e9chelle 1:18\u00e8me est fabriqu\u00e9e par OttOmobile et limit\u00e9e \u00e0 2000 pi\u00e8ces num\u00e9rot\u00e9es.<\/p>\n","protected":false},"featured_media":17701,"template":"","meta":{"_seopress_robots_primary_cat":"none","_seopress_titles_title":"","_seopress_titles_desc":"","_seopress_robots_index":""},"product_brand":[],"product_cat":[225],"product_tag":[84,93,92,85],"class_list":{"0":"post-17801","1":"product","2":"type-product","3":"status-publish","4":"has-post-thumbnail","6":"product_cat-ottomobile","7":"product_tag-echelle-118","8":"product_tag-edition-limitee","9":"product_tag-resine","10":"product_tag-sans-ouvrants","12":"first","13":"outofstock","14":"taxable","15":"shipping-taxable","16":"purchasable","17":"product-type-simple"},"_links":{"self":[{"href":"https:\/\/modelkars.com\/fr\/wp-json\/wp\/v2\/product\/17801","targetHints":{"allow":["GET"]}}],"collection":[{"href":"https:\/\/modelkars.com\/fr\/wp-json\/wp\/v2\/product"}],"about":[{"href":"https:\/\/modelkars.com\/fr\/wp-json\/wp\/v2\/types\/product"}],"wp:featuredmedia":[{"embeddable":true,"href":"https:\/\/modelkars.com\/fr\/wp-json\/wp\/v2\/media\/17701"}],"wp:attachment":[{"href":"https:\/\/modelkars.com\/fr\/wp-json\/wp\/v2\/media?parent=17801"}],"wp:term":[{"taxonomy":"product_brand","embeddable":true,"href":"https:\/\/modelkars.com\/fr\/wp-json\/wp\/v2\/product_brand?post=17801"},{"taxonomy":"product_cat","embeddable":true,"href":"https:\/\/modelkars.com\/fr\/wp-json\/wp\/v2\/product_cat?post=17801"},{"taxonomy":"product_tag","embeddable":true,"href":"https:\/\/modelkars.com\/fr\/wp-json\/wp\/v2\/product_tag?post=17801"}],"curies":[{"name":"wp","href":"https:\/\/api.w.org\/{rel}","templated":true}]}}