{"id":17337,"date":"2020-12-03T16:30:52","date_gmt":"2020-12-03T15:30:52","guid":{"rendered":"https:\/\/modelkars.com\/?post_type=product&#038;p=17337"},"modified":"2025-12-01T01:55:02","modified_gmt":"2025-12-01T00:55:02","slug":"kkdc180501-ferrari-testarossa-rouge","status":"publish","type":"product","link":"https:\/\/modelkars.com\/fr\/shop\/kk-scale\/kkdc180501-ferrari-testarossa-rouge\/","title":{"rendered":"Ferrari Testarossa"},"content":{"rendered":"","protected":false},"excerpt":{"rendered":"<p>Cette superbe Ferrari Testarossa rouge fabriqu\u00e9e par KK-Scale vous comblera par ses nombreux d\u00e9tails et sa finition de haute qualit\u00e9.<\/p>\n","protected":false},"featured_media":17361,"template":"","meta":{"_seopress_robots_primary_cat":"none","_seopress_titles_title":"","_seopress_titles_desc":"","_seopress_robots_index":""},"product_brand":[],"product_cat":[378],"product_tag":[84,89,85],"class_list":{"0":"post-17337","1":"product","2":"type-product","3":"status-publish","4":"has-post-thumbnail","6":"product_cat-kk-scale","7":"product_tag-echelle-118","8":"product_tag-metal","9":"product_tag-sans-ouvrants","11":"first","12":"outofstock","13":"taxable","14":"shipping-taxable","15":"purchasable","16":"product-type-simple"},"_links":{"self":[{"href":"https:\/\/modelkars.com\/fr\/wp-json\/wp\/v2\/product\/17337","targetHints":{"allow":["GET"]}}],"collection":[{"href":"https:\/\/modelkars.com\/fr\/wp-json\/wp\/v2\/product"}],"about":[{"href":"https:\/\/modelkars.com\/fr\/wp-json\/wp\/v2\/types\/product"}],"wp:featuredmedia":[{"embeddable":true,"href":"https:\/\/modelkars.com\/fr\/wp-json\/wp\/v2\/media\/17361"}],"wp:attachment":[{"href":"https:\/\/modelkars.com\/fr\/wp-json\/wp\/v2\/media?parent=17337"}],"wp:term":[{"taxonomy":"product_brand","embeddable":true,"href":"https:\/\/modelkars.com\/fr\/wp-json\/wp\/v2\/product_brand?post=17337"},{"taxonomy":"product_cat","embeddable":true,"href":"https:\/\/modelkars.com\/fr\/wp-json\/wp\/v2\/product_cat?post=17337"},{"taxonomy":"product_tag","embeddable":true,"href":"https:\/\/modelkars.com\/fr\/wp-json\/wp\/v2\/product_tag?post=17337"}],"curies":[{"name":"wp","href":"https:\/\/api.w.org\/{rel}","templated":true}]}}