{"id":17336,"date":"2020-12-03T16:30:52","date_gmt":"2020-12-03T15:30:52","guid":{"rendered":"https:\/\/modelkars.com\/?post_type=product&#038;p=17336"},"modified":"2025-12-01T01:55:01","modified_gmt":"2025-12-01T00:55:01","slug":"kkdc180502-ferrari-testarossa-blanche","status":"publish","type":"product","link":"https:\/\/modelkars.com\/fr\/shop\/kk-scale\/kkdc180502-ferrari-testarossa-blanche\/","title":{"rendered":"Ferrari Testarossa (Miami Vice)"},"content":{"rendered":"","protected":false},"excerpt":{"rendered":"<p>Que vous soyez nostalgique de la s\u00e9rie t\u00e9l\u00e9 Miami Vice ou simplement les amateur de mythiques sportives italiennes des ann\u00e9es 80, cette superbe Ferrari Testarossa blanche \u00e0 l\u2019\u00e9chelle 1:18 vous comblera pas ses nombreux d\u00e9tails et sa finition de haute qualit\u00e9.<\/p>\n","protected":false},"featured_media":17365,"template":"","meta":{"_seopress_robots_primary_cat":"none","_seopress_titles_title":"","_seopress_titles_desc":"","_seopress_robots_index":""},"product_brand":[],"product_cat":[378],"product_tag":[84,89,85],"class_list":{"0":"post-17336","1":"product","2":"type-product","3":"status-publish","4":"has-post-thumbnail","6":"product_cat-kk-scale","7":"product_tag-echelle-118","8":"product_tag-metal","9":"product_tag-sans-ouvrants","11":"first","12":"outofstock","13":"taxable","14":"shipping-taxable","15":"purchasable","16":"product-type-simple"},"_links":{"self":[{"href":"https:\/\/modelkars.com\/fr\/wp-json\/wp\/v2\/product\/17336","targetHints":{"allow":["GET"]}}],"collection":[{"href":"https:\/\/modelkars.com\/fr\/wp-json\/wp\/v2\/product"}],"about":[{"href":"https:\/\/modelkars.com\/fr\/wp-json\/wp\/v2\/types\/product"}],"wp:featuredmedia":[{"embeddable":true,"href":"https:\/\/modelkars.com\/fr\/wp-json\/wp\/v2\/media\/17365"}],"wp:attachment":[{"href":"https:\/\/modelkars.com\/fr\/wp-json\/wp\/v2\/media?parent=17336"}],"wp:term":[{"taxonomy":"product_brand","embeddable":true,"href":"https:\/\/modelkars.com\/fr\/wp-json\/wp\/v2\/product_brand?post=17336"},{"taxonomy":"product_cat","embeddable":true,"href":"https:\/\/modelkars.com\/fr\/wp-json\/wp\/v2\/product_cat?post=17336"},{"taxonomy":"product_tag","embeddable":true,"href":"https:\/\/modelkars.com\/fr\/wp-json\/wp\/v2\/product_tag?post=17336"}],"curies":[{"name":"wp","href":"https:\/\/api.w.org\/{rel}","templated":true}]}}