{"id":16428,"date":"2021-08-18T10:32:17","date_gmt":"2021-08-18T08:32:17","guid":{"rendered":"https:\/\/modelkars.com\/?post_type=product&#038;p=16428"},"modified":"2025-12-01T01:54:45","modified_gmt":"2025-12-01T00:54:45","slug":"gt321-audi-rs6-jon-olsson-betsafe-gunball-noire","status":"publish","type":"product","link":"https:\/\/modelkars.com\/fr\/shop\/gt-spirit\/gt321-audi-rs6-jon-olsson-betsafe-gunball-noire\/","title":{"rendered":"Audi RS6 DTM (Jon Olsson)"},"content":{"rendered":"","protected":false},"excerpt":{"rendered":"<p>La monstrueuse Audi RS6 de Jon Olsson enfin disponible \u00e0 l&rsquo;\u00e9chelle 1:18 ! Cette miniature en r\u00e9sine fabriqu\u00e9e par GT Spirit est produite en quantit\u00e9 limit\u00e9e !<\/p>\n","protected":false},"featured_media":19653,"template":"","meta":{"_seopress_robots_primary_cat":"none","_seopress_titles_title":"","_seopress_titles_desc":"","_seopress_robots_index":""},"product_brand":[],"product_cat":[71],"product_tag":[84,93,398,85],"class_list":{"0":"post-16428","1":"product","2":"type-product","3":"status-publish","4":"has-post-thumbnail","6":"product_cat-gt-spirit","7":"product_tag-echelle-118","8":"product_tag-edition-limitee","9":"product_tag-mai-2021","10":"product_tag-sans-ouvrants","12":"first","13":"outofstock","14":"taxable","15":"shipping-taxable","16":"purchasable","17":"product-type-simple"},"_links":{"self":[{"href":"https:\/\/modelkars.com\/fr\/wp-json\/wp\/v2\/product\/16428","targetHints":{"allow":["GET"]}}],"collection":[{"href":"https:\/\/modelkars.com\/fr\/wp-json\/wp\/v2\/product"}],"about":[{"href":"https:\/\/modelkars.com\/fr\/wp-json\/wp\/v2\/types\/product"}],"wp:featuredmedia":[{"embeddable":true,"href":"https:\/\/modelkars.com\/fr\/wp-json\/wp\/v2\/media\/19653"}],"wp:attachment":[{"href":"https:\/\/modelkars.com\/fr\/wp-json\/wp\/v2\/media?parent=16428"}],"wp:term":[{"taxonomy":"product_brand","embeddable":true,"href":"https:\/\/modelkars.com\/fr\/wp-json\/wp\/v2\/product_brand?post=16428"},{"taxonomy":"product_cat","embeddable":true,"href":"https:\/\/modelkars.com\/fr\/wp-json\/wp\/v2\/product_cat?post=16428"},{"taxonomy":"product_tag","embeddable":true,"href":"https:\/\/modelkars.com\/fr\/wp-json\/wp\/v2\/product_tag?post=16428"}],"curies":[{"name":"wp","href":"https:\/\/api.w.org\/{rel}","templated":true}]}}