{"id":16227,"date":"2021-05-25T10:41:09","date_gmt":"2021-05-25T08:41:09","guid":{"rendered":"https:\/\/modelkars.com\/?post_type=product&#038;p=16227"},"modified":"2025-12-01T01:54:50","modified_gmt":"2025-12-01T00:54:50","slug":"gt319-porsche-911-carrera-4-lightweight-blanche","status":"publish","type":"product","link":"https:\/\/modelkars.com\/fr\/shop\/gt-spirit\/gt319-porsche-911-carrera-4-lightweight-blanche\/","title":{"rendered":"Porsche 911 (964) Carrera 4 Lightweight"},"content":{"rendered":"","protected":false},"excerpt":{"rendered":"<p>L&rsquo;ind\u00e9modable Porsche 911 (type 964) est ici reproduite \u00e0 l&rsquo;\u00e9chelle 1\/18 dans sa version Carrera 4 Lightweight, en blanc. Produite et assembl\u00e9e en petite s\u00e9rie par GT Spirit, cette miniature poss\u00e8de un num\u00e9ro unique sous le ch\u00e2ssis.<\/p>\n","protected":false},"featured_media":19597,"template":"","meta":{"_seopress_robots_primary_cat":"none","_seopress_titles_title":"","_seopress_titles_desc":"","_seopress_robots_index":""},"product_brand":[],"product_cat":[71],"product_tag":[386,84,93,92,85],"class_list":{"0":"post-16227","1":"product","2":"type-product","3":"status-publish","4":"has-post-thumbnail","6":"product_cat-gt-spirit","7":"product_tag-avril-2021","8":"product_tag-echelle-118","9":"product_tag-edition-limitee","10":"product_tag-resine","11":"product_tag-sans-ouvrants","12":"product_shipping_class-delivengo","14":"first","15":"outofstock","16":"taxable","17":"shipping-taxable","18":"purchasable","19":"product-type-simple"},"_links":{"self":[{"href":"https:\/\/modelkars.com\/fr\/wp-json\/wp\/v2\/product\/16227","targetHints":{"allow":["GET"]}}],"collection":[{"href":"https:\/\/modelkars.com\/fr\/wp-json\/wp\/v2\/product"}],"about":[{"href":"https:\/\/modelkars.com\/fr\/wp-json\/wp\/v2\/types\/product"}],"wp:featuredmedia":[{"embeddable":true,"href":"https:\/\/modelkars.com\/fr\/wp-json\/wp\/v2\/media\/19597"}],"wp:attachment":[{"href":"https:\/\/modelkars.com\/fr\/wp-json\/wp\/v2\/media?parent=16227"}],"wp:term":[{"taxonomy":"product_brand","embeddable":true,"href":"https:\/\/modelkars.com\/fr\/wp-json\/wp\/v2\/product_brand?post=16227"},{"taxonomy":"product_cat","embeddable":true,"href":"https:\/\/modelkars.com\/fr\/wp-json\/wp\/v2\/product_cat?post=16227"},{"taxonomy":"product_tag","embeddable":true,"href":"https:\/\/modelkars.com\/fr\/wp-json\/wp\/v2\/product_tag?post=16227"}],"curies":[{"name":"wp","href":"https:\/\/api.w.org\/{rel}","templated":true}]}}