{"id":16222,"date":"2021-05-25T10:41:06","date_gmt":"2021-05-25T08:41:06","guid":{"rendered":"https:\/\/modelkars.com\/?post_type=product&#038;p=16222"},"modified":"2025-12-01T01:54:50","modified_gmt":"2025-12-01T00:54:50","slug":"gt838-ford-mustang-liberty-walk-verte","status":"publish","type":"product","link":"https:\/\/modelkars.com\/fr\/shop\/gt-spirit\/gt838-ford-mustang-liberty-walk-verte\/","title":{"rendered":"Ford Mustang LB-Works"},"content":{"rendered":"","protected":false},"excerpt":{"rendered":"<p>Cette superbe Ford Mustang modifi\u00e9e par Liberty Walk est propos\u00e9e \u00e0 l&rsquo;\u00e9chelle 1:18 par le fabricant GT Spirit dans une superbe couleur verte fonc\u00e9e m\u00e9tallis\u00e9e. Ce mod\u00e8le en r\u00e9sine est fabriqu\u00e9 en s\u00e9rie limit\u00e9e \u00e0 1100 pi\u00e8ces num\u00e9rot\u00e9es.<\/p>\n","protected":false},"featured_media":16275,"template":"","meta":{"_seopress_robots_primary_cat":"none","_seopress_titles_title":"","_seopress_titles_desc":"","_seopress_robots_index":""},"product_brand":[],"product_cat":[71],"product_tag":[386,84,93,92,85],"class_list":{"0":"post-16222","1":"product","2":"type-product","3":"status-publish","4":"has-post-thumbnail","6":"product_cat-gt-spirit","7":"product_tag-avril-2021","8":"product_tag-echelle-118","9":"product_tag-edition-limitee","10":"product_tag-resine","11":"product_tag-sans-ouvrants","12":"product_shipping_class-delivengo","14":"first","15":"outofstock","16":"taxable","17":"shipping-taxable","18":"purchasable","19":"product-type-simple"},"_links":{"self":[{"href":"https:\/\/modelkars.com\/fr\/wp-json\/wp\/v2\/product\/16222","targetHints":{"allow":["GET"]}}],"collection":[{"href":"https:\/\/modelkars.com\/fr\/wp-json\/wp\/v2\/product"}],"about":[{"href":"https:\/\/modelkars.com\/fr\/wp-json\/wp\/v2\/types\/product"}],"wp:featuredmedia":[{"embeddable":true,"href":"https:\/\/modelkars.com\/fr\/wp-json\/wp\/v2\/media\/16275"}],"wp:attachment":[{"href":"https:\/\/modelkars.com\/fr\/wp-json\/wp\/v2\/media?parent=16222"}],"wp:term":[{"taxonomy":"product_brand","embeddable":true,"href":"https:\/\/modelkars.com\/fr\/wp-json\/wp\/v2\/product_brand?post=16222"},{"taxonomy":"product_cat","embeddable":true,"href":"https:\/\/modelkars.com\/fr\/wp-json\/wp\/v2\/product_cat?post=16222"},{"taxonomy":"product_tag","embeddable":true,"href":"https:\/\/modelkars.com\/fr\/wp-json\/wp\/v2\/product_tag?post=16222"}],"curies":[{"name":"wp","href":"https:\/\/api.w.org\/{rel}","templated":true}]}}