{"id":16221,"date":"2021-03-31T10:41:06","date_gmt":"2021-03-31T08:41:06","guid":{"rendered":"https:\/\/modelkars.com\/?post_type=product&#038;p=16221"},"modified":"2025-12-01T01:54:53","modified_gmt":"2025-12-01T00:54:53","slug":"gt308-mercedes-300-sl-bleue","status":"publish","type":"product","link":"https:\/\/modelkars.com\/fr\/shop\/gt-spirit\/gt308-mercedes-300-sl-bleue\/","title":{"rendered":"Mercedes-Benz 300SL"},"content":{"rendered":"","protected":false},"excerpt":{"rendered":"<p>La l\u00e9gendaire Mercedes 300SL et son style unique sont parfaitement retranscrits dans cette version miniature \u00e0 l&rsquo;\u00e9chelle 1\/12 fabriqu\u00e9e par GT Spirit. Cette miniature d&rsquo;une belle couleur bleue est fabriqu\u00e9e en petite s\u00e9rie et chaque exemplaire poss\u00e8de un num\u00e9ro unique.<\/p>\n","protected":false},"featured_media":19679,"template":"","meta":{"_seopress_robots_primary_cat":"none","_seopress_titles_title":"","_seopress_titles_desc":"","_seopress_robots_index":""},"product_brand":[],"product_cat":[71],"product_tag":[188,93,384,92,85],"class_list":{"0":"post-16221","1":"product","2":"type-product","3":"status-publish","4":"has-post-thumbnail","6":"product_cat-gt-spirit","7":"product_tag-echelle-112","8":"product_tag-edition-limitee","9":"product_tag-mars-2021","10":"product_tag-resine","11":"product_tag-sans-ouvrants","12":"product_shipping_class-delivengo","14":"first","15":"outofstock","16":"taxable","17":"shipping-taxable","18":"purchasable","19":"product-type-simple"},"_links":{"self":[{"href":"https:\/\/modelkars.com\/fr\/wp-json\/wp\/v2\/product\/16221","targetHints":{"allow":["GET"]}}],"collection":[{"href":"https:\/\/modelkars.com\/fr\/wp-json\/wp\/v2\/product"}],"about":[{"href":"https:\/\/modelkars.com\/fr\/wp-json\/wp\/v2\/types\/product"}],"wp:featuredmedia":[{"embeddable":true,"href":"https:\/\/modelkars.com\/fr\/wp-json\/wp\/v2\/media\/19679"}],"wp:attachment":[{"href":"https:\/\/modelkars.com\/fr\/wp-json\/wp\/v2\/media?parent=16221"}],"wp:term":[{"taxonomy":"product_brand","embeddable":true,"href":"https:\/\/modelkars.com\/fr\/wp-json\/wp\/v2\/product_brand?post=16221"},{"taxonomy":"product_cat","embeddable":true,"href":"https:\/\/modelkars.com\/fr\/wp-json\/wp\/v2\/product_cat?post=16221"},{"taxonomy":"product_tag","embeddable":true,"href":"https:\/\/modelkars.com\/fr\/wp-json\/wp\/v2\/product_tag?post=16221"}],"curies":[{"name":"wp","href":"https:\/\/api.w.org\/{rel}","templated":true}]}}