{"id":16220,"date":"2021-03-31T10:41:06","date_gmt":"2021-03-31T08:41:06","guid":{"rendered":"https:\/\/modelkars.com\/?post_type=product&#038;p=16220"},"modified":"2025-12-01T01:54:53","modified_gmt":"2025-12-01T00:54:53","slug":"gt311-audi-rs5-coupe-bleue","status":"publish","type":"product","link":"https:\/\/modelkars.com\/fr\/shop\/gt-spirit\/gt311-audi-rs5-coupe-bleue\/","title":{"rendered":"Audi RS 5 Coupe"},"content":{"rendered":"","protected":false},"excerpt":{"rendered":"<p>Cette Audi RS5 Coup\u00e9 est reproduite \u00e0 l&rsquo;\u00e9chelle 1:18 dans une couleure bleue. Mod\u00e8le en r\u00e9sine fabriqu\u00e9 par GT Spirit en s\u00e9rie limit\u00e9e.<\/p>\n","protected":false},"featured_media":17450,"template":"","meta":{"_seopress_robots_primary_cat":"none","_seopress_titles_title":"","_seopress_titles_desc":"","_seopress_robots_index":""},"product_brand":[],"product_cat":[71],"product_tag":[84,93,384,92,85],"class_list":{"0":"post-16220","1":"product","2":"type-product","3":"status-publish","4":"has-post-thumbnail","6":"product_cat-gt-spirit","7":"product_tag-echelle-118","8":"product_tag-edition-limitee","9":"product_tag-mars-2021","10":"product_tag-resine","11":"product_tag-sans-ouvrants","12":"product_shipping_class-delivengo","14":"first","15":"outofstock","16":"taxable","17":"shipping-taxable","18":"purchasable","19":"product-type-simple"},"_links":{"self":[{"href":"https:\/\/modelkars.com\/fr\/wp-json\/wp\/v2\/product\/16220","targetHints":{"allow":["GET"]}}],"collection":[{"href":"https:\/\/modelkars.com\/fr\/wp-json\/wp\/v2\/product"}],"about":[{"href":"https:\/\/modelkars.com\/fr\/wp-json\/wp\/v2\/types\/product"}],"wp:featuredmedia":[{"embeddable":true,"href":"https:\/\/modelkars.com\/fr\/wp-json\/wp\/v2\/media\/17450"}],"wp:attachment":[{"href":"https:\/\/modelkars.com\/fr\/wp-json\/wp\/v2\/media?parent=16220"}],"wp:term":[{"taxonomy":"product_brand","embeddable":true,"href":"https:\/\/modelkars.com\/fr\/wp-json\/wp\/v2\/product_brand?post=16220"},{"taxonomy":"product_cat","embeddable":true,"href":"https:\/\/modelkars.com\/fr\/wp-json\/wp\/v2\/product_cat?post=16220"},{"taxonomy":"product_tag","embeddable":true,"href":"https:\/\/modelkars.com\/fr\/wp-json\/wp\/v2\/product_tag?post=16220"}],"curies":[{"name":"wp","href":"https:\/\/api.w.org\/{rel}","templated":true}]}}