{"id":15986,"date":"2023-10-10T11:06:46","date_gmt":"2023-10-10T09:06:46","guid":{"rendered":"https:\/\/modelkars.com\/?post_type=product&#038;p=15986"},"modified":"2025-12-01T01:53:36","modified_gmt":"2025-12-01T00:53:36","slug":"ts0233-aston-martin-vanquish-zagato-speedster-rouge","status":"publish","type":"product","link":"https:\/\/modelkars.com\/fr\/shop\/topspeed\/ts0233-aston-martin-vanquish-zagato-speedster-rouge\/","title":{"rendered":"Aston Martin Vanquish Zagato Speedster"},"content":{"rendered":"","protected":false},"excerpt":{"rendered":"<p>Cette superbe Aston Martin Vanquish Zagato de couleur rouge Lava est reproduite \u00e0 l\u2019\u00e9chelle 1:18 dans sa d\u00e9clinaison Speedster. Ce mod\u00e8le r\u00e9duit mont\u00e9 en r\u00e9sine est fabriqu\u00e9 par Top Speed.<\/p>\n","protected":false},"featured_media":16049,"template":"","meta":{"_seopress_robots_primary_cat":"none","_seopress_titles_title":"","_seopress_titles_desc":"","_seopress_robots_index":""},"product_brand":[],"product_cat":[74],"product_tag":[84,92,85],"class_list":{"0":"post-15986","1":"product","2":"type-product","3":"status-publish","4":"has-post-thumbnail","6":"product_cat-topspeed","7":"product_tag-echelle-118","8":"product_tag-resine","9":"product_tag-sans-ouvrants","11":"first","12":"outofstock","13":"taxable","14":"shipping-taxable","15":"purchasable","16":"product-type-simple"},"_links":{"self":[{"href":"https:\/\/modelkars.com\/fr\/wp-json\/wp\/v2\/product\/15986","targetHints":{"allow":["GET"]}}],"collection":[{"href":"https:\/\/modelkars.com\/fr\/wp-json\/wp\/v2\/product"}],"about":[{"href":"https:\/\/modelkars.com\/fr\/wp-json\/wp\/v2\/types\/product"}],"wp:featuredmedia":[{"embeddable":true,"href":"https:\/\/modelkars.com\/fr\/wp-json\/wp\/v2\/media\/16049"}],"wp:attachment":[{"href":"https:\/\/modelkars.com\/fr\/wp-json\/wp\/v2\/media?parent=15986"}],"wp:term":[{"taxonomy":"product_brand","embeddable":true,"href":"https:\/\/modelkars.com\/fr\/wp-json\/wp\/v2\/product_brand?post=15986"},{"taxonomy":"product_cat","embeddable":true,"href":"https:\/\/modelkars.com\/fr\/wp-json\/wp\/v2\/product_cat?post=15986"},{"taxonomy":"product_tag","embeddable":true,"href":"https:\/\/modelkars.com\/fr\/wp-json\/wp\/v2\/product_tag?post=15986"}],"curies":[{"name":"wp","href":"https:\/\/api.w.org\/{rel}","templated":true}]}}