{"id":15191,"date":"2020-10-24T16:55:25","date_gmt":"2020-10-24T14:55:25","guid":{"rendered":"https:\/\/modelkars.com\/?post_type=product&#038;p=15191"},"modified":"2025-12-01T01:55:06","modified_gmt":"2025-12-01T00:55:06","slug":"kkdc180441-porsche-911-singer-gulf","status":"publish","type":"product","link":"https:\/\/modelkars.com\/fr\/shop\/kk-scale\/kkdc180441-porsche-911-singer-gulf\/","title":{"rendered":"Porsche 911 Singer"},"content":{"rendered":"","protected":false},"excerpt":{"rendered":"<p>Cette superbe Porsche 911 Singer miniature \u00e0 l&rsquo;\u00e9chelle 1:18 est limit\u00e9e \u00e0 1000 pi\u00e8ces dans cette version aux couleurs de Gulf Team, bleue claire avec accents oranges. Ce mod\u00e8le en m\u00e9tal poss\u00e8de les roues directionnelles.<\/p>\n","protected":false},"featured_media":15875,"template":"","meta":{"_seopress_robots_primary_cat":"none","_seopress_titles_title":"","_seopress_titles_desc":"","_seopress_robots_index":""},"product_brand":[],"product_cat":[378],"product_tag":[84,93,89,85],"class_list":{"0":"post-15191","1":"product","2":"type-product","3":"status-publish","4":"has-post-thumbnail","6":"product_cat-kk-scale","7":"product_tag-echelle-118","8":"product_tag-edition-limitee","9":"product_tag-metal","10":"product_tag-sans-ouvrants","12":"first","13":"outofstock","14":"taxable","15":"shipping-taxable","16":"purchasable","17":"product-type-simple"},"_links":{"self":[{"href":"https:\/\/modelkars.com\/fr\/wp-json\/wp\/v2\/product\/15191","targetHints":{"allow":["GET"]}}],"collection":[{"href":"https:\/\/modelkars.com\/fr\/wp-json\/wp\/v2\/product"}],"about":[{"href":"https:\/\/modelkars.com\/fr\/wp-json\/wp\/v2\/types\/product"}],"wp:featuredmedia":[{"embeddable":true,"href":"https:\/\/modelkars.com\/fr\/wp-json\/wp\/v2\/media\/15875"}],"wp:attachment":[{"href":"https:\/\/modelkars.com\/fr\/wp-json\/wp\/v2\/media?parent=15191"}],"wp:term":[{"taxonomy":"product_brand","embeddable":true,"href":"https:\/\/modelkars.com\/fr\/wp-json\/wp\/v2\/product_brand?post=15191"},{"taxonomy":"product_cat","embeddable":true,"href":"https:\/\/modelkars.com\/fr\/wp-json\/wp\/v2\/product_cat?post=15191"},{"taxonomy":"product_tag","embeddable":true,"href":"https:\/\/modelkars.com\/fr\/wp-json\/wp\/v2\/product_tag?post=15191"}],"curies":[{"name":"wp","href":"https:\/\/api.w.org\/{rel}","templated":true}]}}