{"id":15190,"date":"2020-10-31T16:55:24","date_gmt":"2020-10-31T15:55:24","guid":{"rendered":"https:\/\/modelkars.com\/?post_type=product&#038;p=15190"},"modified":"2025-12-01T01:55:04","modified_gmt":"2025-12-01T00:55:04","slug":"ksr18512w-lamborghini-aventador-svj-63-blanche","status":"publish","type":"product","link":"https:\/\/modelkars.com\/fr\/shop\/kyosho\/ksr18512w-lamborghini-aventador-svj-63-blanche\/","title":{"rendered":"Lamborghini Aventador SVJ63"},"content":{"rendered":"","protected":false},"excerpt":{"rendered":"<p>Cette sublime Lamborghini Aventador est r\u00e9alis\u00e9e \u00e0 l&rsquo;\u00e9chelle 1:18 dans sa version blanche sp\u00e9ciale SVJ63. Mod\u00e8le en r\u00e9sine fabriqu\u00e9 en partenariat avec GT Spirit et limit\u00e9 \u00e0 500 pi\u00e8ces.<\/p>\n","protected":false},"featured_media":16098,"template":"","meta":{"_seopress_robots_primary_cat":"none","_seopress_titles_title":"","_seopress_titles_desc":"","_seopress_robots_index":""},"product_brand":[],"product_cat":[75],"product_tag":[84,93,92,85],"class_list":{"0":"post-15190","1":"product","2":"type-product","3":"status-publish","4":"has-post-thumbnail","6":"product_cat-kyosho","7":"product_tag-echelle-118","8":"product_tag-edition-limitee","9":"product_tag-resine","10":"product_tag-sans-ouvrants","12":"first","13":"outofstock","14":"taxable","15":"shipping-taxable","16":"purchasable","17":"product-type-simple"},"_links":{"self":[{"href":"https:\/\/modelkars.com\/fr\/wp-json\/wp\/v2\/product\/15190","targetHints":{"allow":["GET"]}}],"collection":[{"href":"https:\/\/modelkars.com\/fr\/wp-json\/wp\/v2\/product"}],"about":[{"href":"https:\/\/modelkars.com\/fr\/wp-json\/wp\/v2\/types\/product"}],"wp:featuredmedia":[{"embeddable":true,"href":"https:\/\/modelkars.com\/fr\/wp-json\/wp\/v2\/media\/16098"}],"wp:attachment":[{"href":"https:\/\/modelkars.com\/fr\/wp-json\/wp\/v2\/media?parent=15190"}],"wp:term":[{"taxonomy":"product_brand","embeddable":true,"href":"https:\/\/modelkars.com\/fr\/wp-json\/wp\/v2\/product_brand?post=15190"},{"taxonomy":"product_cat","embeddable":true,"href":"https:\/\/modelkars.com\/fr\/wp-json\/wp\/v2\/product_cat?post=15190"},{"taxonomy":"product_tag","embeddable":true,"href":"https:\/\/modelkars.com\/fr\/wp-json\/wp\/v2\/product_tag?post=15190"}],"curies":[{"name":"wp","href":"https:\/\/api.w.org\/{rel}","templated":true}]}}