{"id":15188,"date":"2020-10-31T16:55:19","date_gmt":"2020-10-31T15:55:19","guid":{"rendered":"https:\/\/modelkars.com\/?post_type=product&#038;p=15188"},"modified":"2025-12-01T01:55:04","modified_gmt":"2025-12-01T00:55:04","slug":"ksr18047gr-nissan-skyline-gtr-r32-nismo-grand-touring-grise","status":"publish","type":"product","link":"https:\/\/modelkars.com\/fr\/shop\/kyosho\/ksr18047gr-nissan-skyline-gtr-r32-nismo-grand-touring-grise\/","title":{"rendered":"Nissan Skyline GT-R R32 Nismo Grand Touring"},"content":{"rendered":"","protected":false},"excerpt":{"rendered":"<p>Cette superbe Nissan Skyline GT-R Nismo (R32) est reproduite \u00e0 l&rsquo;\u00e9chelle 1:18 en version Grand Touring dans une livr\u00e9e grise. Ce mod\u00e8le est limit\u00e9 \u00e0 700 pi\u00e8ces.<\/p>\n","protected":false},"featured_media":16123,"template":"","meta":{"_seopress_robots_primary_cat":"none","_seopress_titles_title":"","_seopress_titles_desc":"","_seopress_robots_index":""},"product_brand":[],"product_cat":[75],"product_tag":[84,93,92,85],"class_list":{"0":"post-15188","1":"product","2":"type-product","3":"status-publish","4":"has-post-thumbnail","6":"product_cat-kyosho","7":"product_tag-echelle-118","8":"product_tag-edition-limitee","9":"product_tag-resine","10":"product_tag-sans-ouvrants","12":"first","13":"outofstock","14":"taxable","15":"shipping-taxable","16":"purchasable","17":"product-type-simple"},"_links":{"self":[{"href":"https:\/\/modelkars.com\/fr\/wp-json\/wp\/v2\/product\/15188","targetHints":{"allow":["GET"]}}],"collection":[{"href":"https:\/\/modelkars.com\/fr\/wp-json\/wp\/v2\/product"}],"about":[{"href":"https:\/\/modelkars.com\/fr\/wp-json\/wp\/v2\/types\/product"}],"wp:featuredmedia":[{"embeddable":true,"href":"https:\/\/modelkars.com\/fr\/wp-json\/wp\/v2\/media\/16123"}],"wp:attachment":[{"href":"https:\/\/modelkars.com\/fr\/wp-json\/wp\/v2\/media?parent=15188"}],"wp:term":[{"taxonomy":"product_brand","embeddable":true,"href":"https:\/\/modelkars.com\/fr\/wp-json\/wp\/v2\/product_brand?post=15188"},{"taxonomy":"product_cat","embeddable":true,"href":"https:\/\/modelkars.com\/fr\/wp-json\/wp\/v2\/product_cat?post=15188"},{"taxonomy":"product_tag","embeddable":true,"href":"https:\/\/modelkars.com\/fr\/wp-json\/wp\/v2\/product_tag?post=15188"}],"curies":[{"name":"wp","href":"https:\/\/api.w.org\/{rel}","templated":true}]}}