{"id":15187,"date":"2020-10-31T16:55:18","date_gmt":"2020-10-31T15:55:18","guid":{"rendered":"https:\/\/modelkars.com\/?post_type=product&#038;p=15187"},"modified":"2025-12-01T01:55:04","modified_gmt":"2025-12-01T00:55:04","slug":"ksr18045mg-toyota-supra-gr-a90-grise","status":"publish","type":"product","link":"https:\/\/modelkars.com\/fr\/shop\/kyosho\/ksr18045mg-toyota-supra-gr-a90-grise\/","title":{"rendered":"Toyota Supra GR Coupe (A90)"},"content":{"rendered":"","protected":false},"excerpt":{"rendered":"<p>Reproduite \u00e0 l\u2019\u00e9chelle 1:18, cette Toyota Supra GR (A90) est fabriqu\u00e9e par Kyosho dans une livr\u00e9e gris mate. Cette miniature est limit\u00e9e \u00e0 700 exemplaires.<\/p>\n","protected":false},"featured_media":16119,"template":"","meta":{"_seopress_robots_primary_cat":"none","_seopress_titles_title":"","_seopress_titles_desc":"","_seopress_robots_index":""},"product_brand":[],"product_cat":[75],"product_tag":[84,93,92,85],"class_list":{"0":"post-15187","1":"product","2":"type-product","3":"status-publish","4":"has-post-thumbnail","6":"product_cat-kyosho","7":"product_tag-echelle-118","8":"product_tag-edition-limitee","9":"product_tag-resine","10":"product_tag-sans-ouvrants","11":"product_shipping_class-delivengo","13":"first","14":"outofstock","15":"taxable","16":"shipping-taxable","17":"purchasable","18":"product-type-simple"},"_links":{"self":[{"href":"https:\/\/modelkars.com\/fr\/wp-json\/wp\/v2\/product\/15187","targetHints":{"allow":["GET"]}}],"collection":[{"href":"https:\/\/modelkars.com\/fr\/wp-json\/wp\/v2\/product"}],"about":[{"href":"https:\/\/modelkars.com\/fr\/wp-json\/wp\/v2\/types\/product"}],"wp:featuredmedia":[{"embeddable":true,"href":"https:\/\/modelkars.com\/fr\/wp-json\/wp\/v2\/media\/16119"}],"wp:attachment":[{"href":"https:\/\/modelkars.com\/fr\/wp-json\/wp\/v2\/media?parent=15187"}],"wp:term":[{"taxonomy":"product_brand","embeddable":true,"href":"https:\/\/modelkars.com\/fr\/wp-json\/wp\/v2\/product_brand?post=15187"},{"taxonomy":"product_cat","embeddable":true,"href":"https:\/\/modelkars.com\/fr\/wp-json\/wp\/v2\/product_cat?post=15187"},{"taxonomy":"product_tag","embeddable":true,"href":"https:\/\/modelkars.com\/fr\/wp-json\/wp\/v2\/product_tag?post=15187"}],"curies":[{"name":"wp","href":"https:\/\/api.w.org\/{rel}","templated":true}]}}