{"id":15184,"date":"2020-11-29T16:55:17","date_gmt":"2020-11-29T15:55:17","guid":{"rendered":"https:\/\/modelkars.com\/?post_type=product&#038;p=15184"},"modified":"2025-12-01T01:55:03","modified_gmt":"2025-12-01T00:55:03","slug":"18sg018-audi-r8-lms-team-audi-sport-nurburgring-2017","status":"publish","type":"product","link":"https:\/\/modelkars.com\/fr\/shop\/spark\/18sg018-audi-r8-lms-team-audi-sport-nurburgring-2017\/","title":{"rendered":"Audi R8 LMS Nurburgring 2017"},"content":{"rendered":"","protected":false},"excerpt":{"rendered":"<p>Cette Audi R8 LMS victorieuse aux 24h du Nurburgring 2017 est reproduite \u00e0 l&rsquo;\u00e9chelle 1:18 par Spark dans la livr\u00e9e verte et blanche de l&rsquo;\u00e9quipage num\u00e9ro 29 (C.De Phillippi \/ C. Mies \/ M. Winkelhock \/ K. Van der Linde).<\/p>\n","protected":false},"featured_media":16827,"template":"","meta":{"_seopress_robots_primary_cat":"none","_seopress_titles_title":"","_seopress_titles_desc":"","_seopress_robots_index":""},"product_brand":[],"product_cat":[216],"product_tag":[84,92,85],"class_list":{"0":"post-15184","1":"product","2":"type-product","3":"status-publish","4":"has-post-thumbnail","6":"product_cat-spark","7":"product_tag-echelle-118","8":"product_tag-resine","9":"product_tag-sans-ouvrants","11":"first","12":"outofstock","13":"taxable","14":"shipping-taxable","15":"purchasable","16":"product-type-simple"},"_links":{"self":[{"href":"https:\/\/modelkars.com\/fr\/wp-json\/wp\/v2\/product\/15184","targetHints":{"allow":["GET"]}}],"collection":[{"href":"https:\/\/modelkars.com\/fr\/wp-json\/wp\/v2\/product"}],"about":[{"href":"https:\/\/modelkars.com\/fr\/wp-json\/wp\/v2\/types\/product"}],"wp:featuredmedia":[{"embeddable":true,"href":"https:\/\/modelkars.com\/fr\/wp-json\/wp\/v2\/media\/16827"}],"wp:attachment":[{"href":"https:\/\/modelkars.com\/fr\/wp-json\/wp\/v2\/media?parent=15184"}],"wp:term":[{"taxonomy":"product_brand","embeddable":true,"href":"https:\/\/modelkars.com\/fr\/wp-json\/wp\/v2\/product_brand?post=15184"},{"taxonomy":"product_cat","embeddable":true,"href":"https:\/\/modelkars.com\/fr\/wp-json\/wp\/v2\/product_cat?post=15184"},{"taxonomy":"product_tag","embeddable":true,"href":"https:\/\/modelkars.com\/fr\/wp-json\/wp\/v2\/product_tag?post=15184"}],"curies":[{"name":"wp","href":"https:\/\/api.w.org\/{rel}","templated":true}]}}