{"id":15182,"date":"2020-11-29T16:55:17","date_gmt":"2020-11-29T15:55:17","guid":{"rendered":"https:\/\/modelkars.com\/?post_type=product&#038;p=15182"},"modified":"2025-12-01T01:55:02","modified_gmt":"2025-12-01T00:55:02","slug":"18s298-porsche-cayman-gt4-981-grise","status":"publish","type":"product","link":"https:\/\/modelkars.com\/fr\/shop\/spark\/18s298-porsche-cayman-gt4-981-grise\/","title":{"rendered":"Porsche Cayman GT4"},"content":{"rendered":"","protected":false},"excerpt":{"rendered":"<p>Cette Porsche Cayman (Type 981) GT4 est reproduite avec une grande fid\u00e9lit\u00e9 \u00e0 l&rsquo;\u00e9chelle 1:18 par Spark dans une livr\u00e9e grise.<\/p>\n","protected":false},"featured_media":16820,"template":"","meta":{"_seopress_robots_primary_cat":"none","_seopress_titles_title":"","_seopress_titles_desc":"","_seopress_robots_index":""},"product_brand":[],"product_cat":[216],"product_tag":[84,85],"class_list":{"0":"post-15182","1":"product","2":"type-product","3":"status-publish","4":"has-post-thumbnail","6":"product_cat-spark","7":"product_tag-echelle-118","8":"product_tag-sans-ouvrants","10":"first","11":"outofstock","12":"taxable","13":"shipping-taxable","14":"purchasable","15":"product-type-simple"},"_links":{"self":[{"href":"https:\/\/modelkars.com\/fr\/wp-json\/wp\/v2\/product\/15182","targetHints":{"allow":["GET"]}}],"collection":[{"href":"https:\/\/modelkars.com\/fr\/wp-json\/wp\/v2\/product"}],"about":[{"href":"https:\/\/modelkars.com\/fr\/wp-json\/wp\/v2\/types\/product"}],"wp:featuredmedia":[{"embeddable":true,"href":"https:\/\/modelkars.com\/fr\/wp-json\/wp\/v2\/media\/16820"}],"wp:attachment":[{"href":"https:\/\/modelkars.com\/fr\/wp-json\/wp\/v2\/media?parent=15182"}],"wp:term":[{"taxonomy":"product_brand","embeddable":true,"href":"https:\/\/modelkars.com\/fr\/wp-json\/wp\/v2\/product_brand?post=15182"},{"taxonomy":"product_cat","embeddable":true,"href":"https:\/\/modelkars.com\/fr\/wp-json\/wp\/v2\/product_cat?post=15182"},{"taxonomy":"product_tag","embeddable":true,"href":"https:\/\/modelkars.com\/fr\/wp-json\/wp\/v2\/product_tag?post=15182"}],"curies":[{"name":"wp","href":"https:\/\/api.w.org\/{rel}","templated":true}]}}