{"id":15169,"date":"2023-10-20T16:55:13","date_gmt":"2023-10-20T14:55:13","guid":{"rendered":"https:\/\/modelkars.com\/?post_type=product&#038;p=15169"},"modified":"2025-12-01T01:53:34","modified_gmt":"2025-12-01T00:53:34","slug":"alm810704-land-rover-defender-90-verte","status":"publish","type":"product","link":"https:\/\/modelkars.com\/fr\/shop\/almost-real\/alm810704-land-rover-defender-90-verte\/","title":{"rendered":"Land Rover New Defender 90"},"content":{"rendered":"","protected":false},"excerpt":{"rendered":"<p>D\u00e9couvrez la Land Rover New Defender 90 en version miniature \u00e0 l&rsquo;\u00e9chelle 1:18. Fabriqu\u00e9e par Almost Real, cette voiture miniature est d&rsquo;une qualit\u00e9 exceptionnelle. Elle est peinte dans une magnifique couleur vert Pangea et est livr\u00e9e avec un pack comprenant une galerie de toit et une \u00e9chelle. De plus, les portes, le capot moteur et le coffre s&rsquo;ouvrent, ajoutant ainsi un r\u00e9alisme suppl\u00e9mentaire \u00e0 cette voiture miniature.<\/p>\n","protected":false},"featured_media":47146,"template":"","meta":{"_seopress_robots_primary_cat":"","_seopress_titles_title":"","_seopress_titles_desc":"","_seopress_robots_index":""},"product_brand":[],"product_cat":[349],"product_tag":[117,84,89],"class_list":{"0":"post-15169","1":"product","2":"type-product","3":"status-publish","4":"has-post-thumbnail","6":"product_cat-almost-real","7":"product_tag-avec-ouvrants","8":"product_tag-echelle-118","9":"product_tag-metal","11":"first","12":"outofstock","13":"taxable","14":"shipping-taxable","15":"purchasable","16":"product-type-simple"},"_links":{"self":[{"href":"https:\/\/modelkars.com\/fr\/wp-json\/wp\/v2\/product\/15169","targetHints":{"allow":["GET"]}}],"collection":[{"href":"https:\/\/modelkars.com\/fr\/wp-json\/wp\/v2\/product"}],"about":[{"href":"https:\/\/modelkars.com\/fr\/wp-json\/wp\/v2\/types\/product"}],"wp:featuredmedia":[{"embeddable":true,"href":"https:\/\/modelkars.com\/fr\/wp-json\/wp\/v2\/media\/47146"}],"wp:attachment":[{"href":"https:\/\/modelkars.com\/fr\/wp-json\/wp\/v2\/media?parent=15169"}],"wp:term":[{"taxonomy":"product_brand","embeddable":true,"href":"https:\/\/modelkars.com\/fr\/wp-json\/wp\/v2\/product_brand?post=15169"},{"taxonomy":"product_cat","embeddable":true,"href":"https:\/\/modelkars.com\/fr\/wp-json\/wp\/v2\/product_cat?post=15169"},{"taxonomy":"product_tag","embeddable":true,"href":"https:\/\/modelkars.com\/fr\/wp-json\/wp\/v2\/product_tag?post=15169"}],"curies":[{"name":"wp","href":"https:\/\/api.w.org\/{rel}","templated":true}]}}