{"id":15162,"date":"2022-01-30T16:55:10","date_gmt":"2022-01-30T15:55:10","guid":{"rendered":"https:\/\/modelkars.com\/?post_type=product&#038;p=15162"},"modified":"2026-01-06T19:33:38","modified_gmt":"2026-01-06T18:33:38","slug":"79041-koenigsegg-jesko-blanche","status":"publish","type":"product","link":"https:\/\/modelkars.com\/fr\/shop\/autoart\/79041-koenigsegg-jesko-blanche\/","title":{"rendered":"Koenigsegg Jesko"},"content":{"rendered":"","protected":false},"excerpt":{"rendered":"<p>Cette superbe Koenigsegg Jesko de couleur blanche (Crystal White) est reproduite par AUTOart dans ses moindres d\u00e9tails. Ce mod\u00e8le \u00e0 l&rsquo;\u00e9chelle 1:18 comporte de nombreux ouvrants (portes, coffre, capot moteur) ainsi que les roues directionnelles et l&rsquo;aileron mobile.<\/p>\n","protected":false},"featured_media":29678,"template":"","meta":{"_seopress_robots_primary_cat":"none","_seopress_titles_title":"","_seopress_titles_desc":"","_seopress_robots_index":""},"product_brand":[],"product_cat":[118,163],"product_tag":[117,119,84],"class_list":{"0":"post-15162","1":"product","2":"type-product","3":"status-publish","4":"has-post-thumbnail","6":"product_cat-autoart","7":"product_cat-precommandes","8":"product_tag-avec-ouvrants","9":"product_tag-composite","10":"product_tag-echelle-118","11":"product_shipping_class-delivengo","13":"first","14":"outofstock","15":"taxable","16":"shipping-taxable","17":"product-type-simple"},"_links":{"self":[{"href":"https:\/\/modelkars.com\/fr\/wp-json\/wp\/v2\/product\/15162","targetHints":{"allow":["GET"]}}],"collection":[{"href":"https:\/\/modelkars.com\/fr\/wp-json\/wp\/v2\/product"}],"about":[{"href":"https:\/\/modelkars.com\/fr\/wp-json\/wp\/v2\/types\/product"}],"wp:featuredmedia":[{"embeddable":true,"href":"https:\/\/modelkars.com\/fr\/wp-json\/wp\/v2\/media\/29678"}],"wp:attachment":[{"href":"https:\/\/modelkars.com\/fr\/wp-json\/wp\/v2\/media?parent=15162"}],"wp:term":[{"taxonomy":"product_brand","embeddable":true,"href":"https:\/\/modelkars.com\/fr\/wp-json\/wp\/v2\/product_brand?post=15162"},{"taxonomy":"product_cat","embeddable":true,"href":"https:\/\/modelkars.com\/fr\/wp-json\/wp\/v2\/product_cat?post=15162"},{"taxonomy":"product_tag","embeddable":true,"href":"https:\/\/modelkars.com\/fr\/wp-json\/wp\/v2\/product_tag?post=15162"}],"curies":[{"name":"wp","href":"https:\/\/api.w.org\/{rel}","templated":true}]}}