{"id":15160,"date":"2021-11-29T16:55:10","date_gmt":"2021-11-29T15:55:10","guid":{"rendered":"https:\/\/modelkars.com\/?post_type=product&#038;p=15160"},"modified":"2025-12-01T01:54:35","modified_gmt":"2025-12-01T00:54:35","slug":"lambo048-lamborghini-essenza-scv12-verte","status":"publish","type":"product","link":"https:\/\/modelkars.com\/fr\/shop\/mr-collection\/lambo048-lamborghini-essenza-scv12-verte\/","title":{"rendered":"Lamborghini Essenza SCV12"},"content":{"rendered":"","protected":false},"excerpt":{"rendered":"<p>Cette hypercar de Lamborghini est reproduite \u00e0 l&rsquo;\u00e9chelle 1:18 par le fabricant italien MR Collection. Cette Essenza SCV12 de couleur verte est livr\u00e9e sur un socle haut de gamme du plus bel effet. Miniature d&rsquo;exception produite en s\u00e9rie limit\u00e9e.<\/p>\n","protected":false},"featured_media":18932,"template":"","meta":{"_seopress_robots_primary_cat":"none","_seopress_titles_title":"","_seopress_titles_desc":"","_seopress_robots_index":""},"product_brand":[],"product_cat":[95],"product_tag":[84,93,92,85,86,323],"class_list":{"0":"post-15160","1":"product","2":"type-product","3":"status-publish","4":"has-post-thumbnail","6":"product_cat-mr-collection","7":"product_tag-echelle-118","8":"product_tag-edition-limitee","9":"product_tag-resine","10":"product_tag-sans-ouvrants","11":"product_tag-socle-inclus","12":"product_tag-vitrine-incluse","14":"first","15":"outofstock","16":"taxable","17":"shipping-taxable","18":"purchasable","19":"product-type-simple"},"_links":{"self":[{"href":"https:\/\/modelkars.com\/fr\/wp-json\/wp\/v2\/product\/15160","targetHints":{"allow":["GET"]}}],"collection":[{"href":"https:\/\/modelkars.com\/fr\/wp-json\/wp\/v2\/product"}],"about":[{"href":"https:\/\/modelkars.com\/fr\/wp-json\/wp\/v2\/types\/product"}],"wp:featuredmedia":[{"embeddable":true,"href":"https:\/\/modelkars.com\/fr\/wp-json\/wp\/v2\/media\/18932"}],"wp:attachment":[{"href":"https:\/\/modelkars.com\/fr\/wp-json\/wp\/v2\/media?parent=15160"}],"wp:term":[{"taxonomy":"product_brand","embeddable":true,"href":"https:\/\/modelkars.com\/fr\/wp-json\/wp\/v2\/product_brand?post=15160"},{"taxonomy":"product_cat","embeddable":true,"href":"https:\/\/modelkars.com\/fr\/wp-json\/wp\/v2\/product_cat?post=15160"},{"taxonomy":"product_tag","embeddable":true,"href":"https:\/\/modelkars.com\/fr\/wp-json\/wp\/v2\/product_tag?post=15160"}],"curies":[{"name":"wp","href":"https:\/\/api.w.org\/{rel}","templated":true}]}}