{"id":13581,"date":"2020-10-07T19:49:03","date_gmt":"2020-10-07T17:49:03","guid":{"rendered":"https:\/\/modelkars.com\/?post_type=product&#038;p=13581"},"modified":"2025-12-01T01:55:07","modified_gmt":"2025-12-01T00:55:07","slug":"78287-pagani-huayra-roadster-rouge","status":"publish","type":"product","link":"https:\/\/modelkars.com\/fr\/shop\/autoart\/78287-pagani-huayra-roadster-rouge\/","title":{"rendered":"Pagani Huayra Roadster"},"content":{"rendered":"","protected":false},"excerpt":{"rendered":"<p>Cette superbe Pagani Huayra Roadster est reproduite \u00e0 la perfection \u00e0 l\u2019\u00e9chelle 1:18 dans sa livr\u00e9e rouge Monza. Fabriqu\u00e9 par AUTOart, ce mod\u00e8le r\u00e9duit haut de gamme poss\u00e8de de nombreux ouvrants permettant d\u2019admirer l\u2019ensemble du v\u00e9hicule : portes, coffre avant et coffres lat\u00e9raux avec bagages, capot moteur et ailerons mobiles.<\/p>\n","protected":false},"featured_media":13639,"template":"","meta":{"_seopress_robots_primary_cat":"none","_seopress_titles_title":"","_seopress_titles_desc":"","_seopress_robots_index":""},"product_brand":[],"product_cat":[118],"product_tag":[117,119,84],"class_list":{"0":"post-13581","1":"product","2":"type-product","3":"status-publish","4":"has-post-thumbnail","6":"product_cat-autoart","7":"product_tag-avec-ouvrants","8":"product_tag-composite","9":"product_tag-echelle-118","10":"product_shipping_class-delivengo","12":"first","13":"outofstock","14":"taxable","15":"shipping-taxable","16":"purchasable","17":"product-type-simple"},"_links":{"self":[{"href":"https:\/\/modelkars.com\/fr\/wp-json\/wp\/v2\/product\/13581","targetHints":{"allow":["GET"]}}],"collection":[{"href":"https:\/\/modelkars.com\/fr\/wp-json\/wp\/v2\/product"}],"about":[{"href":"https:\/\/modelkars.com\/fr\/wp-json\/wp\/v2\/types\/product"}],"wp:featuredmedia":[{"embeddable":true,"href":"https:\/\/modelkars.com\/fr\/wp-json\/wp\/v2\/media\/13639"}],"wp:attachment":[{"href":"https:\/\/modelkars.com\/fr\/wp-json\/wp\/v2\/media?parent=13581"}],"wp:term":[{"taxonomy":"product_brand","embeddable":true,"href":"https:\/\/modelkars.com\/fr\/wp-json\/wp\/v2\/product_brand?post=13581"},{"taxonomy":"product_cat","embeddable":true,"href":"https:\/\/modelkars.com\/fr\/wp-json\/wp\/v2\/product_cat?post=13581"},{"taxonomy":"product_tag","embeddable":true,"href":"https:\/\/modelkars.com\/fr\/wp-json\/wp\/v2\/product_tag?post=13581"}],"curies":[{"name":"wp","href":"https:\/\/api.w.org\/{rel}","templated":true}]}}