{"id":13574,"date":"2020-11-17T19:49:01","date_gmt":"2020-11-17T18:49:01","guid":{"rendered":"https:\/\/modelkars.com\/?post_type=product&#038;p=13574"},"modified":"2025-12-01T01:55:03","modified_gmt":"2025-12-01T00:55:03","slug":"820111-mercedes-maybach-classe-s-blanche","status":"publish","type":"product","link":"https:\/\/modelkars.com\/fr\/shop\/almost-real\/820111-mercedes-maybach-classe-s-blanche\/","title":{"rendered":"Mercedes-Maybach Classe S"},"content":{"rendered":"","protected":false},"excerpt":{"rendered":"<p>Cette splendide voiture miniature \u00e0 l&rsquo;\u00e9chelle 1:18 reproduit avec une grande pr\u00e9cision la Mercedes-Maybach Classe S dans une livr\u00e9e blanche. Dot\u00e9e de multiples ouvrants (capot, coffre et portes) cette miniature haut de gamme en m\u00e9tal poss\u00e8de \u00e9galement des roues directionnelles et des suspensions fonctionnelles !<\/p>\n","protected":false},"featured_media":14629,"template":"","meta":{"_seopress_robots_primary_cat":"none","_seopress_titles_title":"","_seopress_titles_desc":"","_seopress_robots_index":"","_seopress_analysis_target_kw":""},"product_brand":[],"product_cat":[349],"product_tag":[117,84,89],"class_list":{"0":"post-13574","1":"product","2":"type-product","3":"status-publish","4":"has-post-thumbnail","6":"product_cat-almost-real","7":"product_tag-avec-ouvrants","8":"product_tag-echelle-118","9":"product_tag-metal","10":"product_shipping_class-delivengo","12":"first","13":"outofstock","14":"taxable","15":"shipping-taxable","16":"purchasable","17":"product-type-simple"},"_links":{"self":[{"href":"https:\/\/modelkars.com\/fr\/wp-json\/wp\/v2\/product\/13574","targetHints":{"allow":["GET"]}}],"collection":[{"href":"https:\/\/modelkars.com\/fr\/wp-json\/wp\/v2\/product"}],"about":[{"href":"https:\/\/modelkars.com\/fr\/wp-json\/wp\/v2\/types\/product"}],"wp:featuredmedia":[{"embeddable":true,"href":"https:\/\/modelkars.com\/fr\/wp-json\/wp\/v2\/media\/14629"}],"wp:attachment":[{"href":"https:\/\/modelkars.com\/fr\/wp-json\/wp\/v2\/media?parent=13574"}],"wp:term":[{"taxonomy":"product_brand","embeddable":true,"href":"https:\/\/modelkars.com\/fr\/wp-json\/wp\/v2\/product_brand?post=13574"},{"taxonomy":"product_cat","embeddable":true,"href":"https:\/\/modelkars.com\/fr\/wp-json\/wp\/v2\/product_cat?post=13574"},{"taxonomy":"product_tag","embeddable":true,"href":"https:\/\/modelkars.com\/fr\/wp-json\/wp\/v2\/product_tag?post=13574"}],"curies":[{"name":"wp","href":"https:\/\/api.w.org\/{rel}","templated":true}]}}