{"id":13572,"date":"2020-11-29T19:49:00","date_gmt":"2020-11-29T18:49:00","guid":{"rendered":"https:\/\/modelkars.com\/?post_type=product&#038;p=13572"},"modified":"2025-12-01T01:55:02","modified_gmt":"2025-12-01T00:55:02","slug":"alm810110-range-rover-camel-trophy-1982","status":"publish","type":"product","link":"https:\/\/modelkars.com\/fr\/shop\/almost-real\/alm810110-range-rover-camel-trophy-1982\/","title":{"rendered":"Range Rover Camel Trophy 1982"},"content":{"rendered":"","protected":false},"excerpt":{"rendered":"<p>Cette voiture miniature reproduit avec une incroyable fid\u00e9lit\u00e9 la Land Rover Range Rover \u00e9quip\u00e9 pour le Camel Trophy 1982. Ultra r\u00e9aliste, ce mod\u00e8le r\u00e9duit en m\u00e9tal \u00e0 l&rsquo;\u00e9chelle 1:18\u00e8me fourmille de d\u00e9tails dans cette configuration \u00ab\u00a0apr\u00e8s-course\u00a0\u00bb, salie par les parcours boueux de la c\u00e9l\u00e8bre \u00e9preuve tout-terrains. Mod\u00e8le limit\u00e9 \u00e0 500 pi\u00e8ces.<\/p>\n","protected":false},"featured_media":17149,"template":"","meta":{"_seopress_robots_primary_cat":"none","_seopress_titles_title":"","_seopress_titles_desc":"","_seopress_robots_index":"","_seopress_analysis_target_kw":""},"product_brand":[],"product_cat":[349],"product_tag":[117,84,89],"class_list":{"0":"post-13572","1":"product","2":"type-product","3":"status-publish","4":"has-post-thumbnail","6":"product_cat-almost-real","7":"product_tag-avec-ouvrants","8":"product_tag-echelle-118","9":"product_tag-metal","10":"product_shipping_class-delivengo","12":"first","13":"outofstock","14":"taxable","15":"shipping-taxable","16":"purchasable","17":"product-type-simple"},"_links":{"self":[{"href":"https:\/\/modelkars.com\/fr\/wp-json\/wp\/v2\/product\/13572","targetHints":{"allow":["GET"]}}],"collection":[{"href":"https:\/\/modelkars.com\/fr\/wp-json\/wp\/v2\/product"}],"about":[{"href":"https:\/\/modelkars.com\/fr\/wp-json\/wp\/v2\/types\/product"}],"wp:featuredmedia":[{"embeddable":true,"href":"https:\/\/modelkars.com\/fr\/wp-json\/wp\/v2\/media\/17149"}],"wp:attachment":[{"href":"https:\/\/modelkars.com\/fr\/wp-json\/wp\/v2\/media?parent=13572"}],"wp:term":[{"taxonomy":"product_brand","embeddable":true,"href":"https:\/\/modelkars.com\/fr\/wp-json\/wp\/v2\/product_brand?post=13572"},{"taxonomy":"product_cat","embeddable":true,"href":"https:\/\/modelkars.com\/fr\/wp-json\/wp\/v2\/product_cat?post=13572"},{"taxonomy":"product_tag","embeddable":true,"href":"https:\/\/modelkars.com\/fr\/wp-json\/wp\/v2\/product_tag?post=13572"}],"curies":[{"name":"wp","href":"https:\/\/api.w.org\/{rel}","templated":true}]}}