{"id":13571,"date":"2020-11-14T19:49:00","date_gmt":"2020-11-14T18:49:00","guid":{"rendered":"https:\/\/modelkars.com\/?post_type=product&#038;p=13571"},"modified":"2025-12-01T01:55:03","modified_gmt":"2025-12-01T00:55:03","slug":"76074-mclaren-720s-orange","status":"publish","type":"product","link":"https:\/\/modelkars.com\/fr\/shop\/autoart\/76074-mclaren-720s-orange\/","title":{"rendered":"McLaren 720S"},"content":{"rendered":"\n\t<section class=\"section\" id=\"section_758097336\">\n\t\t<div class=\"section-bg fill\" >\n\t\t\t\t\t\t\t\t\t\n\t\t\t\n\n\t\t<\/div>\n\n\t\t\n\n\t\t<div class=\"section-content relative\">\n\t\t\t\n  <div class=\"banner-grid-wrapper\">\n  <div id=\"banner-grid-735805999\" class=\"banner-grid row row-grid row-small\" data-packery-options=\"\">\n                      \n<div class=\"col grid-col small-12 large-6 grid-col-1-2\" ><div class=\"col-inner\">\n\t<div class=\"img has-hover x md-x lg-x y md-y lg-y\" id=\"image_1362560770\">\n\t\t\t\t\t\t\t\t<div class=\"img-inner dark\" >\n\t\t\t<img decoding=\"async\" width=\"1020\" height=\"680\" src=\"https:\/\/modelkars.com\/wp-content\/uploads\/76074-mclaren-720s-orange-main-1200.jpg\" class=\"attachment-large size-large\" alt=\"\" srcset=\"https:\/\/modelkars.com\/wp-content\/uploads\/76074-mclaren-720s-orange-main-1200.jpg 1200w, https:\/\/modelkars.com\/wp-content\/uploads\/76074-mclaren-720s-orange-main-1200-680x453.jpg 680w, https:\/\/modelkars.com\/wp-content\/uploads\/76074-mclaren-720s-orange-main-1200-64x43.jpg 64w\" sizes=\"(max-width: 1020px) 100vw, 1020px\" \/>\t\t\t\t\t\t\n\t\t\t\t\t<\/div>\n\t\t\t\t\t\t\t\t\n<style>\n#image_1362560770 {\n  width: 100%;\n}\n<\/style>\n\t<\/div>\n\t\n<\/div><\/div>\n<div class=\"col grid-col small-12 large-6 grid-col-1-3\" ><div class=\"col-inner\">\n\t<div class=\"img has-hover x md-x lg-x y md-y lg-y\" id=\"image_1723874339\">\n\t\t\t\t\t\t\t\t<div class=\"img-inner dark\" >\n\t\t\t<img decoding=\"async\" width=\"1020\" height=\"510\" src=\"https:\/\/modelkars.com\/wp-content\/uploads\/76074-mclaren-720s-orange-sideab-1200.jpg\" class=\"attachment-large size-large\" alt=\"\" srcset=\"https:\/\/modelkars.com\/wp-content\/uploads\/76074-mclaren-720s-orange-sideab-1200.jpg 1200w, https:\/\/modelkars.com\/wp-content\/uploads\/76074-mclaren-720s-orange-sideab-1200-680x340.jpg 680w, https:\/\/modelkars.com\/wp-content\/uploads\/76074-mclaren-720s-orange-sideab-1200-64x32.jpg 64w\" sizes=\"(max-width: 1020px) 100vw, 1020px\" \/>\t\t\t\t\t\t\n\t\t\t\t\t<\/div>\n\t\t\t\t\t\t\t\t\n<style>\n#image_1723874339 {\n  width: 100%;\n}\n<\/style>\n\t<\/div>\n\t\n<\/div><\/div>\n<div class=\"col grid-col small-6 large-3 grid-col-2-3\" ><div class=\"col-inner\">\n\t<div class=\"img has-hover x md-x lg-x y md-y lg-y\" id=\"image_1531911556\">\n\t\t\t\t\t\t\t\t<div class=\"img-inner dark\" >\n\t\t\t<img decoding=\"async\" width=\"1020\" height=\"680\" src=\"https:\/\/modelkars.com\/wp-content\/uploads\/76074-mclaren-720s-orange-interior-1200.jpg\" class=\"attachment-large size-large\" alt=\"\" srcset=\"https:\/\/modelkars.com\/wp-content\/uploads\/76074-mclaren-720s-orange-interior-1200.jpg 1200w, https:\/\/modelkars.com\/wp-content\/uploads\/76074-mclaren-720s-orange-interior-1200-680x453.jpg 680w, https:\/\/modelkars.com\/wp-content\/uploads\/76074-mclaren-720s-orange-interior-1200-64x43.jpg 64w\" sizes=\"(max-width: 1020px) 100vw, 1020px\" \/>\t\t\t\t\t\t\n\t\t\t\t\t<\/div>\n\t\t\t\t\t\t\t\t\n<style>\n#image_1531911556 {\n  width: 100%;\n}\n<\/style>\n\t<\/div>\n\t\n<\/div><\/div>\n<div class=\"col grid-col small-6 large-3 grid-col-2-3\" ><div class=\"col-inner\">\n\t<div class=\"img has-hover x md-x lg-x y md-y lg-y\" id=\"image_1071080824\">\n\t\t\t\t\t\t\t\t<div class=\"img-inner dark\" >\n\t\t\t<img decoding=\"async\" width=\"1020\" height=\"680\" src=\"https:\/\/modelkars.com\/wp-content\/uploads\/76074-mclaren-720s-orange-coffre-1200.jpg\" class=\"attachment-large size-large\" alt=\"\" srcset=\"https:\/\/modelkars.com\/wp-content\/uploads\/76074-mclaren-720s-orange-coffre-1200.jpg 1200w, https:\/\/modelkars.com\/wp-content\/uploads\/76074-mclaren-720s-orange-coffre-1200-680x453.jpg 680w, https:\/\/modelkars.com\/wp-content\/uploads\/76074-mclaren-720s-orange-coffre-1200-64x43.jpg 64w\" sizes=\"(max-width: 1020px) 100vw, 1020px\" \/>\t\t\t\t\t\t\n\t\t\t\t\t<\/div>\n\t\t\t\t\t\t\t\t\n<style>\n#image_1071080824 {\n  width: 100%;\n}\n<\/style>\n\t<\/div>\n\t\n<\/div><\/div>\n<div class=\"col grid-col small-12 large-6 grid-col-1-2\" ><div class=\"col-inner\">\n\t<div class=\"img has-hover x md-x lg-x y md-y lg-y\" id=\"image_1049658357\">\n\t\t\t\t\t\t\t\t<div class=\"img-inner dark\" >\n\t\t\t<img decoding=\"async\" width=\"1020\" height=\"680\" src=\"https:\/\/modelkars.com\/wp-content\/uploads\/76074-mclaren-720s-orange-rear-1200.jpg\" class=\"attachment-large size-large\" alt=\"\" srcset=\"https:\/\/modelkars.com\/wp-content\/uploads\/76074-mclaren-720s-orange-rear-1200.jpg 1200w, https:\/\/modelkars.com\/wp-content\/uploads\/76074-mclaren-720s-orange-rear-1200-680x453.jpg 680w, https:\/\/modelkars.com\/wp-content\/uploads\/76074-mclaren-720s-orange-rear-1200-64x43.jpg 64w\" sizes=\"(max-width: 1020px) 100vw, 1020px\" \/>\t\t\t\t\t\t\n\t\t\t\t\t<\/div>\n\t\t\t\t\t\t\t\t\n<style>\n#image_1049658357 {\n  width: 100%;\n}\n<\/style>\n\t<\/div>\n\t\n<\/div><\/div>\n            <\/div>\n    <style>\n    #banner-grid-735805999 .grid-col-1{height: 600px}\n    #banner-grid-735805999 .grid-col-1-2{height: 300px}\n    #banner-grid-735805999 .grid-col-1-3{height:200px}\n    #banner-grid-735805999 .grid-col-2-3{height: 400px}\n    #banner-grid-735805999 .grid-col-1-4{height: 150px}\n    #banner-grid-735805999 .grid-col-3-4{height: 450px}\n\n\n    \n    \n\n  <\/style>\n    <\/div>\n  \n\t\t<\/div>\n\n\t\t\n<style>\n#section_758097336 {\n  padding-top: 30px;\n  padding-bottom: 30px;\n  background-color: rgb(255,255,255);\n}\n<\/style>\n\t<\/section>\n\t\n","protected":false},"excerpt":{"rendered":"<p>Cette superbe McLaren 720S est reproduite \u00e0 la perfection \u00e0 l\u2019\u00e9chelle 1:18 dans sa livr\u00e9e orange Azores. Ce mod\u00e8le r\u00e9duit haut de gamme fabriqu\u00e9 par AUTOart poss\u00e8de de nombreux ouvrants et pi\u00e8ces mobiles : portes, coffre et aileron.<\/p>\n","protected":false},"featured_media":14568,"template":"","meta":{"_seopress_robots_primary_cat":"none","_seopress_titles_title":"","_seopress_titles_desc":"","_seopress_robots_index":""},"product_brand":[],"product_cat":[118],"product_tag":[117,119,84],"class_list":{"0":"post-13571","1":"product","2":"type-product","3":"status-publish","4":"has-post-thumbnail","6":"product_cat-autoart","7":"product_tag-avec-ouvrants","8":"product_tag-composite","9":"product_tag-echelle-118","11":"first","12":"outofstock","13":"taxable","14":"shipping-taxable","15":"purchasable","16":"product-type-simple"},"_links":{"self":[{"href":"https:\/\/modelkars.com\/fr\/wp-json\/wp\/v2\/product\/13571","targetHints":{"allow":["GET"]}}],"collection":[{"href":"https:\/\/modelkars.com\/fr\/wp-json\/wp\/v2\/product"}],"about":[{"href":"https:\/\/modelkars.com\/fr\/wp-json\/wp\/v2\/types\/product"}],"wp:featuredmedia":[{"embeddable":true,"href":"https:\/\/modelkars.com\/fr\/wp-json\/wp\/v2\/media\/14568"}],"wp:attachment":[{"href":"https:\/\/modelkars.com\/fr\/wp-json\/wp\/v2\/media?parent=13571"}],"wp:term":[{"taxonomy":"product_brand","embeddable":true,"href":"https:\/\/modelkars.com\/fr\/wp-json\/wp\/v2\/product_brand?post=13571"},{"taxonomy":"product_cat","embeddable":true,"href":"https:\/\/modelkars.com\/fr\/wp-json\/wp\/v2\/product_cat?post=13571"},{"taxonomy":"product_tag","embeddable":true,"href":"https:\/\/modelkars.com\/fr\/wp-json\/wp\/v2\/product_tag?post=13571"}],"curies":[{"name":"wp","href":"https:\/\/api.w.org\/{rel}","templated":true}]}}