{"id":13337,"date":"2020-08-03T17:29:32","date_gmt":"2020-08-03T15:29:32","guid":{"rendered":"https:\/\/modelkars.com\/?post_type=product&#038;p=13337"},"modified":"2025-12-01T01:55:12","modified_gmt":"2025-12-01T00:55:12","slug":"p18171arc-ferrari-f8-tributo-rouge","status":"publish","type":"product","link":"https:\/\/modelkars.com\/fr\/shop\/bbr\/p18171arc-ferrari-f8-tributo-rouge\/","title":{"rendered":"Ferrari F8 Tributo"},"content":{"rendered":"","protected":false},"excerpt":{"rendered":"<p>La splendide Ferrari F8 Tributo est ici reproduite \u00e0 l\u2019\u00e9chelle 1:18 par le fabricant BBR. Cette miniature haut de gamme, de couleur rouge Corsa, est livr\u00e9e sur un socle sp\u00e9cifique avec une plaque num\u00e9rot\u00e9e. Ce mod\u00e8le est limit\u00e9 \u00e0 seulement 48 pi\u00e8ces !<\/p>\n","protected":false},"featured_media":13339,"template":"","meta":{"_seopress_robots_primary_cat":"none","_seopress_titles_title":"","_seopress_titles_desc":"","_seopress_robots_index":""},"product_brand":[],"product_cat":[315],"product_tag":[84,92,85,86],"class_list":{"0":"post-13337","1":"product","2":"type-product","3":"status-publish","4":"has-post-thumbnail","6":"product_cat-bbr","7":"product_tag-echelle-118","8":"product_tag-resine","9":"product_tag-sans-ouvrants","10":"product_tag-socle-inclus","12":"first","13":"outofstock","14":"taxable","15":"shipping-taxable","16":"purchasable","17":"product-type-simple"},"_links":{"self":[{"href":"https:\/\/modelkars.com\/fr\/wp-json\/wp\/v2\/product\/13337","targetHints":{"allow":["GET"]}}],"collection":[{"href":"https:\/\/modelkars.com\/fr\/wp-json\/wp\/v2\/product"}],"about":[{"href":"https:\/\/modelkars.com\/fr\/wp-json\/wp\/v2\/types\/product"}],"wp:featuredmedia":[{"embeddable":true,"href":"https:\/\/modelkars.com\/fr\/wp-json\/wp\/v2\/media\/13339"}],"wp:attachment":[{"href":"https:\/\/modelkars.com\/fr\/wp-json\/wp\/v2\/media?parent=13337"}],"wp:term":[{"taxonomy":"product_brand","embeddable":true,"href":"https:\/\/modelkars.com\/fr\/wp-json\/wp\/v2\/product_brand?post=13337"},{"taxonomy":"product_cat","embeddable":true,"href":"https:\/\/modelkars.com\/fr\/wp-json\/wp\/v2\/product_cat?post=13337"},{"taxonomy":"product_tag","embeddable":true,"href":"https:\/\/modelkars.com\/fr\/wp-json\/wp\/v2\/product_tag?post=13337"}],"curies":[{"name":"wp","href":"https:\/\/api.w.org\/{rel}","templated":true}]}}