{"id":12488,"date":"2020-06-22T15:06:28","date_gmt":"2020-06-22T13:06:28","guid":{"rendered":"https:\/\/modelkars.com\/?post_type=product&#038;p=12488"},"modified":"2025-12-01T01:55:14","modified_gmt":"2025-12-01T00:55:14","slug":"ot877-renault-megane-rs-trophy-r-pack-carbone","status":"publish","type":"product","link":"https:\/\/modelkars.com\/fr\/shop\/ottomobile\/ot877-renault-megane-rs-trophy-r-pack-carbone\/","title":{"rendered":"Renault M\u00e9gane RS Trophy-R Pack Carbone"},"content":{"rendered":"","protected":false},"excerpt":{"rendered":"<p>La traction la plus rapide du N\u00fcrburgring \u00e0 l&rsquo;\u00e9chelle 1:18 ! Cette Renault M\u00e9gane RS Trophy-R blanche, \u00e9quip\u00e9e des jantes sp\u00e9cifiques du pack carbone, est fabriqu\u00e9e par OttOmobile en \u00e9dition limit\u00e9e \u00e0 999 pi\u00e8ces.<\/p>\n","protected":false},"featured_media":12490,"template":"","meta":{"_seopress_robots_primary_cat":"225","_seopress_titles_title":"","_seopress_titles_desc":"","_seopress_robots_index":""},"product_brand":[],"product_cat":[225],"product_tag":[84,93,92,85],"class_list":{"0":"post-12488","1":"product","2":"type-product","3":"status-publish","4":"has-post-thumbnail","6":"product_cat-ottomobile","7":"product_tag-echelle-118","8":"product_tag-edition-limitee","9":"product_tag-resine","10":"product_tag-sans-ouvrants","11":"product_shipping_class-delivengo","13":"first","14":"outofstock","15":"taxable","16":"shipping-taxable","17":"purchasable","18":"product-type-simple"},"_links":{"self":[{"href":"https:\/\/modelkars.com\/fr\/wp-json\/wp\/v2\/product\/12488","targetHints":{"allow":["GET"]}}],"collection":[{"href":"https:\/\/modelkars.com\/fr\/wp-json\/wp\/v2\/product"}],"about":[{"href":"https:\/\/modelkars.com\/fr\/wp-json\/wp\/v2\/types\/product"}],"wp:featuredmedia":[{"embeddable":true,"href":"https:\/\/modelkars.com\/fr\/wp-json\/wp\/v2\/media\/12490"}],"wp:attachment":[{"href":"https:\/\/modelkars.com\/fr\/wp-json\/wp\/v2\/media?parent=12488"}],"wp:term":[{"taxonomy":"product_brand","embeddable":true,"href":"https:\/\/modelkars.com\/fr\/wp-json\/wp\/v2\/product_brand?post=12488"},{"taxonomy":"product_cat","embeddable":true,"href":"https:\/\/modelkars.com\/fr\/wp-json\/wp\/v2\/product_cat?post=12488"},{"taxonomy":"product_tag","embeddable":true,"href":"https:\/\/modelkars.com\/fr\/wp-json\/wp\/v2\/product_tag?post=12488"}],"curies":[{"name":"wp","href":"https:\/\/api.w.org\/{rel}","templated":true}]}}