{"id":12350,"date":"2020-06-18T19:02:51","date_gmt":"2020-06-18T17:02:51","guid":{"rendered":"https:\/\/modelkars.com\/?post_type=product&#038;p=12350"},"modified":"2025-12-01T01:55:14","modified_gmt":"2025-12-01T00:55:14","slug":"ksr18032b-subaru-impreza-wrx-sti-s208-nbr-challenge-bleue","status":"publish","type":"product","link":"https:\/\/modelkars.com\/fr\/shop\/kyosho\/ksr18032b-subaru-impreza-wrx-sti-s208-nbr-challenge-bleue\/","title":{"rendered":"Subaru WRX STI S208 NBR Challenge"},"content":{"rendered":"","protected":false},"excerpt":{"rendered":"<p>Cette voiture miniature haut de gamme fabriqu\u00e9 \u00e0 400 exemplaires reproduit avec pr\u00e9cision la Subaru WRX STI S208 dans sa version NBR Challenge Package de couleur bleue. Ce mod\u00e8le r\u00e9duit \u00e0 l&rsquo;\u00e9chelle 1:18 est fabriqu\u00e9 par Kyosho.<\/p>\n","protected":false},"featured_media":12374,"template":"","meta":{"_seopress_robots_primary_cat":"none","_seopress_titles_title":"","_seopress_titles_desc":"","_seopress_robots_index":""},"product_brand":[],"product_cat":[75],"product_tag":[84,93,89],"class_list":{"0":"post-12350","1":"product","2":"type-product","3":"status-publish","4":"has-post-thumbnail","6":"product_cat-kyosho","7":"product_tag-echelle-118","8":"product_tag-edition-limitee","9":"product_tag-metal","11":"first","12":"outofstock","13":"taxable","14":"shipping-taxable","15":"purchasable","16":"product-type-simple"},"_links":{"self":[{"href":"https:\/\/modelkars.com\/fr\/wp-json\/wp\/v2\/product\/12350","targetHints":{"allow":["GET"]}}],"collection":[{"href":"https:\/\/modelkars.com\/fr\/wp-json\/wp\/v2\/product"}],"about":[{"href":"https:\/\/modelkars.com\/fr\/wp-json\/wp\/v2\/types\/product"}],"wp:featuredmedia":[{"embeddable":true,"href":"https:\/\/modelkars.com\/fr\/wp-json\/wp\/v2\/media\/12374"}],"wp:attachment":[{"href":"https:\/\/modelkars.com\/fr\/wp-json\/wp\/v2\/media?parent=12350"}],"wp:term":[{"taxonomy":"product_brand","embeddable":true,"href":"https:\/\/modelkars.com\/fr\/wp-json\/wp\/v2\/product_brand?post=12350"},{"taxonomy":"product_cat","embeddable":true,"href":"https:\/\/modelkars.com\/fr\/wp-json\/wp\/v2\/product_cat?post=12350"},{"taxonomy":"product_tag","embeddable":true,"href":"https:\/\/modelkars.com\/fr\/wp-json\/wp\/v2\/product_tag?post=12350"}],"curies":[{"name":"wp","href":"https:\/\/api.w.org\/{rel}","templated":true}]}}