{"id":12348,"date":"2020-06-18T19:02:49","date_gmt":"2020-06-18T17:02:49","guid":{"rendered":"https:\/\/modelkars.com\/?post_type=product&#038;p=12348"},"modified":"2025-12-01T01:55:14","modified_gmt":"2025-12-01T00:55:14","slug":"860304-mercedes-brabus-550-adventure-4x4-gris","status":"publish","type":"product","link":"https:\/\/modelkars.com\/fr\/shop\/almost-real\/860304-mercedes-brabus-550-adventure-4x4-gris\/","title":{"rendered":"Brabus 550 Adventure 4&#215;4\u00b2"},"content":{"rendered":"","protected":false},"excerpt":{"rendered":"<p>Cette miniature haut de gamme fabriqu\u00e9e par Almost Real reproduit \u00e0 la perfection la Brabus 550 Adventure 4&#215;4\u00b2 \u00e0 l\u2019\u00e9chelle 1:18, dans une livr\u00e9e grise. Ce mod\u00e8le r\u00e9duit en m\u00e9tal poss\u00e8de de nombreux ouvrants permettant d\u2019admirer l\u2019ensemble du v\u00e9hicule (portes avant et arri\u00e8re, coffre, capot moteur) ainsi que des roues directionnelles et suspensions fonctionnelles\u00a0! Mod\u00e8le limit\u00e9 \u00e0 1888 exemplaires.<\/p>\n","protected":false},"featured_media":12351,"template":"","meta":{"_seopress_robots_primary_cat":"none","_seopress_titles_title":"","_seopress_titles_desc":"","_seopress_robots_index":""},"product_brand":[],"product_cat":[349],"product_tag":[117,84,93,89],"class_list":{"0":"post-12348","1":"product","2":"type-product","3":"status-publish","4":"has-post-thumbnail","6":"product_cat-almost-real","7":"product_tag-avec-ouvrants","8":"product_tag-echelle-118","9":"product_tag-edition-limitee","10":"product_tag-metal","12":"first","13":"outofstock","14":"taxable","15":"shipping-taxable","16":"purchasable","17":"product-type-simple"},"_links":{"self":[{"href":"https:\/\/modelkars.com\/fr\/wp-json\/wp\/v2\/product\/12348","targetHints":{"allow":["GET"]}}],"collection":[{"href":"https:\/\/modelkars.com\/fr\/wp-json\/wp\/v2\/product"}],"about":[{"href":"https:\/\/modelkars.com\/fr\/wp-json\/wp\/v2\/types\/product"}],"wp:featuredmedia":[{"embeddable":true,"href":"https:\/\/modelkars.com\/fr\/wp-json\/wp\/v2\/media\/12351"}],"wp:attachment":[{"href":"https:\/\/modelkars.com\/fr\/wp-json\/wp\/v2\/media?parent=12348"}],"wp:term":[{"taxonomy":"product_brand","embeddable":true,"href":"https:\/\/modelkars.com\/fr\/wp-json\/wp\/v2\/product_brand?post=12348"},{"taxonomy":"product_cat","embeddable":true,"href":"https:\/\/modelkars.com\/fr\/wp-json\/wp\/v2\/product_cat?post=12348"},{"taxonomy":"product_tag","embeddable":true,"href":"https:\/\/modelkars.com\/fr\/wp-json\/wp\/v2\/product_tag?post=12348"}],"curies":[{"name":"wp","href":"https:\/\/api.w.org\/{rel}","templated":true}]}}