{"id":12066,"date":"2021-03-05T18:05:07","date_gmt":"2021-03-05T17:05:07","guid":{"rendered":"https:\/\/modelkars.com\/?post_type=product&#038;p=12066"},"modified":"2025-12-01T01:54:56","modified_gmt":"2025-12-01T00:54:56","slug":"dna000047-volkswagen-amarok-aventura-bleu","status":"publish","type":"product","link":"https:\/\/modelkars.com\/fr\/shop\/dna-collectibles\/dna000047-volkswagen-amarok-aventura-bleu\/","title":{"rendered":"Volkswagen Amarok Aventura"},"content":{"rendered":"","protected":false},"excerpt":{"rendered":"<p>Reproduit \u00e0 l\u2019\u00e9chelle 1:18 par DNA Collectibles, ce Volkswagen Amarok Aventura de couleur bleue Ravenna est une fid\u00e8le reproduction miniature ! Mod\u00e8le r\u00e9duit limit\u00e9 \u00e0 320 exemplaires.<\/p>\n","protected":false},"featured_media":12308,"template":"","meta":{"_seopress_robots_primary_cat":"336","_seopress_titles_title":"","_seopress_titles_desc":"","_seopress_robots_index":""},"product_brand":[],"product_cat":[336],"product_tag":[84,93,92,85,86],"class_list":{"0":"post-12066","1":"product","2":"type-product","3":"status-publish","4":"has-post-thumbnail","6":"product_cat-dna-collectibles","7":"product_tag-echelle-118","8":"product_tag-edition-limitee","9":"product_tag-resine","10":"product_tag-sans-ouvrants","11":"product_tag-socle-inclus","13":"first","14":"outofstock","15":"taxable","16":"shipping-taxable","17":"purchasable","18":"product-type-simple"},"_links":{"self":[{"href":"https:\/\/modelkars.com\/fr\/wp-json\/wp\/v2\/product\/12066","targetHints":{"allow":["GET"]}}],"collection":[{"href":"https:\/\/modelkars.com\/fr\/wp-json\/wp\/v2\/product"}],"about":[{"href":"https:\/\/modelkars.com\/fr\/wp-json\/wp\/v2\/types\/product"}],"wp:featuredmedia":[{"embeddable":true,"href":"https:\/\/modelkars.com\/fr\/wp-json\/wp\/v2\/media\/12308"}],"wp:attachment":[{"href":"https:\/\/modelkars.com\/fr\/wp-json\/wp\/v2\/media?parent=12066"}],"wp:term":[{"taxonomy":"product_brand","embeddable":true,"href":"https:\/\/modelkars.com\/fr\/wp-json\/wp\/v2\/product_brand?post=12066"},{"taxonomy":"product_cat","embeddable":true,"href":"https:\/\/modelkars.com\/fr\/wp-json\/wp\/v2\/product_cat?post=12066"},{"taxonomy":"product_tag","embeddable":true,"href":"https:\/\/modelkars.com\/fr\/wp-json\/wp\/v2\/product_tag?post=12066"}],"curies":[{"name":"wp","href":"https:\/\/api.w.org\/{rel}","templated":true}]}}