{"id":12063,"date":"2020-06-12T18:05:06","date_gmt":"2020-06-12T16:05:06","guid":{"rendered":"https:\/\/modelkars.com\/?post_type=product&#038;p=12063"},"modified":"2025-12-01T01:55:14","modified_gmt":"2025-12-01T00:55:14","slug":"p18180b-ferrari-sf90-stradale-jaune-modena","status":"publish","type":"product","link":"https:\/\/modelkars.com\/fr\/shop\/bbr\/p18180b-ferrari-sf90-stradale-jaune-modena\/","title":{"rendered":"Ferrari SF90 Stradale"},"content":{"rendered":"","protected":false},"excerpt":{"rendered":"<p>La splendide Ferrari SF90 Stradale est ici reproduite \u00e0 l\u2019\u00e9chelle 1:18 par le fabricant BBR. Cette miniature haut de gamme, de couleur jaune Modena, sera livr\u00e9e sur un socle sp\u00e9cifique avec une plaque num\u00e9rot\u00e9e. Ce mod\u00e8le est limit\u00e9 \u00e0 seulement 149 pi\u00e8ces !<\/p>\n","protected":false},"featured_media":12180,"template":"","meta":{"_seopress_robots_primary_cat":"none","_seopress_titles_title":"","_seopress_titles_desc":"","_seopress_robots_index":""},"product_brand":[],"product_cat":[315],"product_tag":[84,92,85],"class_list":{"0":"post-12063","1":"product","2":"type-product","3":"status-publish","4":"has-post-thumbnail","6":"product_cat-bbr","7":"product_tag-echelle-118","8":"product_tag-resine","9":"product_tag-sans-ouvrants","11":"first","12":"outofstock","13":"taxable","14":"shipping-taxable","15":"purchasable","16":"product-type-simple"},"_links":{"self":[{"href":"https:\/\/modelkars.com\/fr\/wp-json\/wp\/v2\/product\/12063","targetHints":{"allow":["GET"]}}],"collection":[{"href":"https:\/\/modelkars.com\/fr\/wp-json\/wp\/v2\/product"}],"about":[{"href":"https:\/\/modelkars.com\/fr\/wp-json\/wp\/v2\/types\/product"}],"wp:featuredmedia":[{"embeddable":true,"href":"https:\/\/modelkars.com\/fr\/wp-json\/wp\/v2\/media\/12180"}],"wp:attachment":[{"href":"https:\/\/modelkars.com\/fr\/wp-json\/wp\/v2\/media?parent=12063"}],"wp:term":[{"taxonomy":"product_brand","embeddable":true,"href":"https:\/\/modelkars.com\/fr\/wp-json\/wp\/v2\/product_brand?post=12063"},{"taxonomy":"product_cat","embeddable":true,"href":"https:\/\/modelkars.com\/fr\/wp-json\/wp\/v2\/product_cat?post=12063"},{"taxonomy":"product_tag","embeddable":true,"href":"https:\/\/modelkars.com\/fr\/wp-json\/wp\/v2\/product_tag?post=12063"}],"curies":[{"name":"wp","href":"https:\/\/api.w.org\/{rel}","templated":true}]}}