{"id":12061,"date":"2020-06-12T18:05:05","date_gmt":"2020-06-12T16:05:05","guid":{"rendered":"https:\/\/modelkars.com\/?post_type=product&#038;p=12061"},"modified":"2025-12-01T01:55:15","modified_gmt":"2025-12-01T00:55:15","slug":"rgm18001a-alfa-romeo-giulietta-veloce-grise-2018","status":"publish","type":"product","link":"https:\/\/modelkars.com\/fr\/shop\/rgm-design\/rgm18001a-alfa-romeo-giulietta-veloce-grise-2018\/","title":{"rendered":"Alfa Romeo Giulietta Veloce"},"content":{"rendered":"","protected":false},"excerpt":{"rendered":"<p>Limit\u00e9e \u00e0 seulement 125 exemplaires, cette voiture miniature haut de gamme est fabriqu\u00e9e par RGM Design (BBR). Elle reproduit fid\u00e8lement l\u2019Alfa Romeo Giulietta Veloce dans une superbe livr\u00e9e gris Silverstone, \u00e0 l\u2019\u00e9chelle 1:18\u00e8me.<\/p>\n","protected":false},"featured_media":23513,"template":"","meta":{"_seopress_robots_primary_cat":"","_seopress_titles_title":"","_seopress_titles_desc":"","_seopress_robots_index":""},"product_brand":[],"product_cat":[335],"product_tag":[84,93,92,85,86],"class_list":{"0":"post-12061","1":"product","2":"type-product","3":"status-publish","4":"has-post-thumbnail","6":"product_cat-rgm-design","7":"product_tag-echelle-118","8":"product_tag-edition-limitee","9":"product_tag-resine","10":"product_tag-sans-ouvrants","11":"product_tag-socle-inclus","13":"first","14":"outofstock","15":"taxable","16":"shipping-taxable","17":"purchasable","18":"product-type-simple"},"_links":{"self":[{"href":"https:\/\/modelkars.com\/fr\/wp-json\/wp\/v2\/product\/12061","targetHints":{"allow":["GET"]}}],"collection":[{"href":"https:\/\/modelkars.com\/fr\/wp-json\/wp\/v2\/product"}],"about":[{"href":"https:\/\/modelkars.com\/fr\/wp-json\/wp\/v2\/types\/product"}],"wp:featuredmedia":[{"embeddable":true,"href":"https:\/\/modelkars.com\/fr\/wp-json\/wp\/v2\/media\/23513"}],"wp:attachment":[{"href":"https:\/\/modelkars.com\/fr\/wp-json\/wp\/v2\/media?parent=12061"}],"wp:term":[{"taxonomy":"product_brand","embeddable":true,"href":"https:\/\/modelkars.com\/fr\/wp-json\/wp\/v2\/product_brand?post=12061"},{"taxonomy":"product_cat","embeddable":true,"href":"https:\/\/modelkars.com\/fr\/wp-json\/wp\/v2\/product_cat?post=12061"},{"taxonomy":"product_tag","embeddable":true,"href":"https:\/\/modelkars.com\/fr\/wp-json\/wp\/v2\/product_tag?post=12061"}],"curies":[{"name":"wp","href":"https:\/\/api.w.org\/{rel}","templated":true}]}}