{"id":12060,"date":"2020-06-12T18:05:05","date_gmt":"2020-06-12T16:05:05","guid":{"rendered":"https:\/\/modelkars.com\/?post_type=product&#038;p=12060"},"modified":"2025-12-01T01:55:14","modified_gmt":"2025-12-01T00:55:14","slug":"rgm18001c-alfa-romeo-giulietta-veloce-blanche-2018","status":"publish","type":"product","link":"https:\/\/modelkars.com\/fr\/shop\/rgm-design\/rgm18001c-alfa-romeo-giulietta-veloce-blanche-2018\/","title":{"rendered":"Alfa Romeo Giulietta Veloce"},"content":{"rendered":"","protected":false},"excerpt":{"rendered":"<p>Limit\u00e9e \u00e0 seulement 125 exemplaires, cette voiture miniature haut de gamme est fabriqu\u00e9e par RGM Design (BBR). Elle reproduit fid\u00e8lement l\u2019Alfa Romeo Giulietta Veloce dans une superbe livr\u00e9e blanc Alfa, \u00e0 l\u2019\u00e9chelle 1:18\u00e8me.<\/p>\n","protected":false},"featured_media":23493,"template":"","meta":{"_seopress_robots_primary_cat":"","_seopress_titles_title":"","_seopress_titles_desc":"","_seopress_robots_index":""},"product_brand":[],"product_cat":[335],"product_tag":[84,93,92,85,86],"class_list":{"0":"post-12060","1":"product","2":"type-product","3":"status-publish","4":"has-post-thumbnail","6":"product_cat-rgm-design","7":"product_tag-echelle-118","8":"product_tag-edition-limitee","9":"product_tag-resine","10":"product_tag-sans-ouvrants","11":"product_tag-socle-inclus","13":"first","14":"outofstock","15":"taxable","16":"shipping-taxable","17":"purchasable","18":"product-type-simple"},"_links":{"self":[{"href":"https:\/\/modelkars.com\/fr\/wp-json\/wp\/v2\/product\/12060","targetHints":{"allow":["GET"]}}],"collection":[{"href":"https:\/\/modelkars.com\/fr\/wp-json\/wp\/v2\/product"}],"about":[{"href":"https:\/\/modelkars.com\/fr\/wp-json\/wp\/v2\/types\/product"}],"wp:featuredmedia":[{"embeddable":true,"href":"https:\/\/modelkars.com\/fr\/wp-json\/wp\/v2\/media\/23493"}],"wp:attachment":[{"href":"https:\/\/modelkars.com\/fr\/wp-json\/wp\/v2\/media?parent=12060"}],"wp:term":[{"taxonomy":"product_brand","embeddable":true,"href":"https:\/\/modelkars.com\/fr\/wp-json\/wp\/v2\/product_brand?post=12060"},{"taxonomy":"product_cat","embeddable":true,"href":"https:\/\/modelkars.com\/fr\/wp-json\/wp\/v2\/product_cat?post=12060"},{"taxonomy":"product_tag","embeddable":true,"href":"https:\/\/modelkars.com\/fr\/wp-json\/wp\/v2\/product_tag?post=12060"}],"curies":[{"name":"wp","href":"https:\/\/api.w.org\/{rel}","templated":true}]}}