{"id":12056,"date":"2021-07-12T14:05:03","date_gmt":"2021-07-12T12:05:03","guid":{"rendered":"https:\/\/modelkars.com\/?post_type=product&#038;p=12056"},"modified":"2025-12-01T01:54:46","modified_gmt":"2025-12-01T00:54:46","slug":"bbrc1851-alfa-romeo-giulia-gta-rouge","status":"publish","type":"product","link":"https:\/\/modelkars.com\/fr\/shop\/bbr\/bbrc1851-alfa-romeo-giulia-gta-rouge\/","title":{"rendered":"Alfa Romeo Giulia GTA"},"content":{"rendered":"","protected":false},"excerpt":{"rendered":"<p>Limit\u00e9e \u00e0 250 pi\u00e8ces, cette voiture miniature haut de gamme reproduit avec une pr\u00e9cision incomparable l\u2019Alfa Romeo Giulia GTA dans sa livr\u00e9e rouge de pr\u00e9sentation. Ce mod\u00e8le r\u00e9duit fabriqu\u00e9 par BBR sera livr\u00e9 sur un socle sp\u00e9cifique.<\/p>\n","protected":false},"featured_media":15020,"template":"","meta":{"_seopress_robots_primary_cat":"none","_seopress_titles_title":"","_seopress_titles_desc":"","_seopress_robots_index":""},"product_brand":[],"product_cat":[315],"product_tag":[84,93,92,85],"class_list":{"0":"post-12056","1":"product","2":"type-product","3":"status-publish","4":"has-post-thumbnail","6":"product_cat-bbr","7":"product_tag-echelle-118","8":"product_tag-edition-limitee","9":"product_tag-resine","10":"product_tag-sans-ouvrants","12":"first","13":"outofstock","14":"taxable","15":"shipping-taxable","16":"purchasable","17":"product-type-simple"},"_links":{"self":[{"href":"https:\/\/modelkars.com\/fr\/wp-json\/wp\/v2\/product\/12056","targetHints":{"allow":["GET"]}}],"collection":[{"href":"https:\/\/modelkars.com\/fr\/wp-json\/wp\/v2\/product"}],"about":[{"href":"https:\/\/modelkars.com\/fr\/wp-json\/wp\/v2\/types\/product"}],"wp:featuredmedia":[{"embeddable":true,"href":"https:\/\/modelkars.com\/fr\/wp-json\/wp\/v2\/media\/15020"}],"wp:attachment":[{"href":"https:\/\/modelkars.com\/fr\/wp-json\/wp\/v2\/media?parent=12056"}],"wp:term":[{"taxonomy":"product_brand","embeddable":true,"href":"https:\/\/modelkars.com\/fr\/wp-json\/wp\/v2\/product_brand?post=12056"},{"taxonomy":"product_cat","embeddable":true,"href":"https:\/\/modelkars.com\/fr\/wp-json\/wp\/v2\/product_cat?post=12056"},{"taxonomy":"product_tag","embeddable":true,"href":"https:\/\/modelkars.com\/fr\/wp-json\/wp\/v2\/product_tag?post=12056"}],"curies":[{"name":"wp","href":"https:\/\/api.w.org\/{rel}","templated":true}]}}