{"id":11796,"date":"2020-05-25T18:09:10","date_gmt":"2020-05-25T16:09:10","guid":{"rendered":"https:\/\/modelkars.com\/?post_type=product&#038;p=11796"},"modified":"2025-12-01T01:55:15","modified_gmt":"2025-12-01T00:55:15","slug":"76313-mercedes-amg-gt-s-noire","status":"publish","type":"product","link":"https:\/\/modelkars.com\/fr\/shop\/autoart\/76313-mercedes-amg-gt-s-noire\/","title":{"rendered":"Mercedes-AMG GT-S"},"content":{"rendered":"","protected":false},"excerpt":{"rendered":"<p>Cette voiture miniature haut de gamme fabriqu\u00e9e par AUTOart reproduit \u00e0 la perfection la Mercedes-AMG GT-S de couleur noire. Cette miniature \u00e0 l&rsquo;\u00e9chelle 1:18\u00e8me poss\u00e8de les roues directionnelles et de nombreux ouvrants et pi\u00e8ces mobiles permettant de tout voir : portes, capot moteur, coffre et aileron mobile.<\/p>\n","protected":false},"featured_media":11798,"template":"","meta":{"_seopress_robots_primary_cat":"none","_seopress_titles_title":"","_seopress_titles_desc":"","_seopress_robots_index":""},"product_brand":[],"product_cat":[118],"product_tag":[117,119,84],"class_list":{"0":"post-11796","1":"product","2":"type-product","3":"status-publish","4":"has-post-thumbnail","6":"product_cat-autoart","7":"product_tag-avec-ouvrants","8":"product_tag-composite","9":"product_tag-echelle-118","11":"first","12":"outofstock","13":"taxable","14":"shipping-taxable","15":"purchasable","16":"product-type-simple"},"_links":{"self":[{"href":"https:\/\/modelkars.com\/fr\/wp-json\/wp\/v2\/product\/11796","targetHints":{"allow":["GET"]}}],"collection":[{"href":"https:\/\/modelkars.com\/fr\/wp-json\/wp\/v2\/product"}],"about":[{"href":"https:\/\/modelkars.com\/fr\/wp-json\/wp\/v2\/types\/product"}],"wp:featuredmedia":[{"embeddable":true,"href":"https:\/\/modelkars.com\/fr\/wp-json\/wp\/v2\/media\/11798"}],"wp:attachment":[{"href":"https:\/\/modelkars.com\/fr\/wp-json\/wp\/v2\/media?parent=11796"}],"wp:term":[{"taxonomy":"product_brand","embeddable":true,"href":"https:\/\/modelkars.com\/fr\/wp-json\/wp\/v2\/product_brand?post=11796"},{"taxonomy":"product_cat","embeddable":true,"href":"https:\/\/modelkars.com\/fr\/wp-json\/wp\/v2\/product_cat?post=11796"},{"taxonomy":"product_tag","embeddable":true,"href":"https:\/\/modelkars.com\/fr\/wp-json\/wp\/v2\/product_tag?post=11796"}],"curies":[{"name":"wp","href":"https:\/\/api.w.org\/{rel}","templated":true}]}}