{"id":11777,"date":"2020-05-25T17:57:05","date_gmt":"2020-05-25T15:57:05","guid":{"rendered":"https:\/\/modelkars.com\/?post_type=product&#038;p=11777"},"modified":"2025-12-01T01:55:15","modified_gmt":"2025-12-01T00:55:15","slug":"81532-mercedes-amg-gt3-2015-noir","status":"publish","type":"product","link":"https:\/\/modelkars.com\/fr\/shop\/autoart\/81532-mercedes-amg-gt3-2015-noir\/","title":{"rendered":"Mercedes-AMG GT3 2015"},"content":{"rendered":"","protected":false},"excerpt":{"rendered":"<p>Cette voiture miniature haut de gamme fabriqu\u00e9e par AUTOart reproduit \u00e0 la perfection la Mercedes-AMG GT3 dans une sobre livr\u00e9e noire mate. Cette miniature \u00e0 l&rsquo;\u00e9chelle 1:18\u00e8me poss\u00e8de les roues directionnelles et les portes peuvent \u00eatre ouvertes pour admirer l&rsquo;int\u00e9rieur.<\/p>\n","protected":false},"featured_media":11779,"template":"","meta":{"_seopress_robots_primary_cat":"","_seopress_titles_title":"","_seopress_titles_desc":"","_seopress_robots_index":""},"product_brand":[],"product_cat":[118],"product_tag":[117,119,84],"class_list":{"0":"post-11777","1":"product","2":"type-product","3":"status-publish","4":"has-post-thumbnail","6":"product_cat-autoart","7":"product_tag-avec-ouvrants","8":"product_tag-composite","9":"product_tag-echelle-118","11":"first","12":"outofstock","13":"taxable","14":"shipping-taxable","15":"purchasable","16":"product-type-simple"},"_links":{"self":[{"href":"https:\/\/modelkars.com\/fr\/wp-json\/wp\/v2\/product\/11777","targetHints":{"allow":["GET"]}}],"collection":[{"href":"https:\/\/modelkars.com\/fr\/wp-json\/wp\/v2\/product"}],"about":[{"href":"https:\/\/modelkars.com\/fr\/wp-json\/wp\/v2\/types\/product"}],"wp:featuredmedia":[{"embeddable":true,"href":"https:\/\/modelkars.com\/fr\/wp-json\/wp\/v2\/media\/11779"}],"wp:attachment":[{"href":"https:\/\/modelkars.com\/fr\/wp-json\/wp\/v2\/media?parent=11777"}],"wp:term":[{"taxonomy":"product_brand","embeddable":true,"href":"https:\/\/modelkars.com\/fr\/wp-json\/wp\/v2\/product_brand?post=11777"},{"taxonomy":"product_cat","embeddable":true,"href":"https:\/\/modelkars.com\/fr\/wp-json\/wp\/v2\/product_cat?post=11777"},{"taxonomy":"product_tag","embeddable":true,"href":"https:\/\/modelkars.com\/fr\/wp-json\/wp\/v2\/product_tag?post=11777"}],"curies":[{"name":"wp","href":"https:\/\/api.w.org\/{rel}","templated":true}]}}