{"id":11495,"date":"2020-07-09T22:41:48","date_gmt":"2020-07-09T20:41:48","guid":{"rendered":"https:\/\/modelkars.com\/?post_type=product&#038;p=11495"},"modified":"2025-12-01T01:55:12","modified_gmt":"2025-12-01T00:55:12","slug":"88602-audi-quattro-s1-rallye-monte-carlo-1986","status":"publish","type":"product","link":"https:\/\/modelkars.com\/fr\/shop\/autoart\/88602-audi-quattro-s1-rallye-monte-carlo-1986\/","title":{"rendered":"Audi Quattro S1 Rallye Monte-Carlo 1986 #6"},"content":{"rendered":"","protected":false},"excerpt":{"rendered":"<p>L\u2019Audi Quattro S1, cette v\u00e9ritable l\u00e9gende des rallyes, est ici reproduite avec une pr\u00e9cision incroyable \u00e0 l\u2019\u00e9chelle 1:18 par AUTOart, dans sa version Rallye Monte-Carlo 1986 num\u00e9ro 6 (H. Mikkola \/ A. Hertz). Cette miniature haut de gamme pr\u00e9sente de nombreux ouvrants permettant d\u2019admirer l\u2019int\u00e9rieur du v\u00e9hicule\u00a0!<\/p>\n","protected":false},"featured_media":13015,"template":"","meta":{"_seopress_robots_primary_cat":"none","_seopress_titles_title":"","_seopress_titles_desc":"","_seopress_robots_index":""},"product_brand":[],"product_cat":[118],"product_tag":[117,119,84],"class_list":{"0":"post-11495","1":"product","2":"type-product","3":"status-publish","4":"has-post-thumbnail","6":"product_cat-autoart","7":"product_tag-avec-ouvrants","8":"product_tag-composite","9":"product_tag-echelle-118","10":"product_shipping_class-delivengo","12":"first","13":"outofstock","14":"taxable","15":"shipping-taxable","16":"purchasable","17":"product-type-simple"},"_links":{"self":[{"href":"https:\/\/modelkars.com\/fr\/wp-json\/wp\/v2\/product\/11495","targetHints":{"allow":["GET"]}}],"collection":[{"href":"https:\/\/modelkars.com\/fr\/wp-json\/wp\/v2\/product"}],"about":[{"href":"https:\/\/modelkars.com\/fr\/wp-json\/wp\/v2\/types\/product"}],"wp:featuredmedia":[{"embeddable":true,"href":"https:\/\/modelkars.com\/fr\/wp-json\/wp\/v2\/media\/13015"}],"wp:attachment":[{"href":"https:\/\/modelkars.com\/fr\/wp-json\/wp\/v2\/media?parent=11495"}],"wp:term":[{"taxonomy":"product_brand","embeddable":true,"href":"https:\/\/modelkars.com\/fr\/wp-json\/wp\/v2\/product_brand?post=11495"},{"taxonomy":"product_cat","embeddable":true,"href":"https:\/\/modelkars.com\/fr\/wp-json\/wp\/v2\/product_cat?post=11495"},{"taxonomy":"product_tag","embeddable":true,"href":"https:\/\/modelkars.com\/fr\/wp-json\/wp\/v2\/product_tag?post=11495"}],"curies":[{"name":"wp","href":"https:\/\/api.w.org\/{rel}","templated":true}]}}