{"id":10930,"date":"2021-12-28T00:00:00","date_gmt":"2021-12-27T23:00:00","guid":{"rendered":"https:\/\/modelkars.com\/?post_type=product&#038;p=10930"},"modified":"2025-12-01T01:54:33","modified_gmt":"2025-12-01T00:54:33","slug":"12s024-porsche-911-gt3-rs-weissach-package-grise","status":"publish","type":"product","link":"https:\/\/modelkars.com\/fr\/shop\/spark\/12s024-porsche-911-gt3-rs-weissach-package-grise\/","title":{"rendered":"Porsche 911 (991) GT3 RS Weissach Package 2018"},"content":{"rendered":"","protected":false},"excerpt":{"rendered":"<p>Cette sublime Porsche 911 GT3 RS Weissach Package (type 991) est reproduite par Spark \u00e0 l\u2019\u00e9chelle 1:12 dans une livr\u00e9e grise. Un mod\u00e8le r\u00e9duit exceptionnel\u00a0!<\/p>\n","protected":false},"featured_media":54035,"template":"","meta":{"_seopress_robots_primary_cat":"216","_seopress_titles_title":"","_seopress_titles_desc":"","_seopress_robots_index":""},"product_brand":[],"product_cat":[216],"product_tag":[188,85],"class_list":{"0":"post-10930","1":"product","2":"type-product","3":"status-publish","4":"has-post-thumbnail","6":"product_cat-spark","7":"product_tag-echelle-112","8":"product_tag-sans-ouvrants","9":"product_shipping_class-delivengo","11":"first","12":"outofstock","13":"taxable","14":"shipping-taxable","15":"purchasable","16":"product-type-simple"},"_links":{"self":[{"href":"https:\/\/modelkars.com\/fr\/wp-json\/wp\/v2\/product\/10930","targetHints":{"allow":["GET"]}}],"collection":[{"href":"https:\/\/modelkars.com\/fr\/wp-json\/wp\/v2\/product"}],"about":[{"href":"https:\/\/modelkars.com\/fr\/wp-json\/wp\/v2\/types\/product"}],"wp:featuredmedia":[{"embeddable":true,"href":"https:\/\/modelkars.com\/fr\/wp-json\/wp\/v2\/media\/54035"}],"wp:attachment":[{"href":"https:\/\/modelkars.com\/fr\/wp-json\/wp\/v2\/media?parent=10930"}],"wp:term":[{"taxonomy":"product_brand","embeddable":true,"href":"https:\/\/modelkars.com\/fr\/wp-json\/wp\/v2\/product_brand?post=10930"},{"taxonomy":"product_cat","embeddable":true,"href":"https:\/\/modelkars.com\/fr\/wp-json\/wp\/v2\/product_cat?post=10930"},{"taxonomy":"product_tag","embeddable":true,"href":"https:\/\/modelkars.com\/fr\/wp-json\/wp\/v2\/product_tag?post=10930"}],"curies":[{"name":"wp","href":"https:\/\/api.w.org\/{rel}","templated":true}]}}